{"id":983,"date":"2025-05-13T11:44:11","date_gmt":"2025-05-13T11:44:11","guid":{"rendered":"https:\/\/onlytheunique.shop\/?page_id=983"},"modified":"2025-08-14T13:27:32","modified_gmt":"2025-08-14T13:27:32","slug":"comprehensive-home","status":"publish","type":"page","link":"https:\/\/onlytheunique.shop\/es\/","title":{"rendered":"Inicio integral"},"content":{"rendered":"<div data-elementor-type=\"wp-page\" data-elementor-id=\"983\" class=\"elementor elementor-983\" data-elementor-post-type=\"page\">\n\t\t\t\t<div class=\"elementor-element elementor-element-7c1b0cd e-con-full e-flex e-con e-parent\" data-id=\"7c1b0cd\" data-element_type=\"container\" data-settings=\"{&quot;ekit_has_onepagescroll_dot&quot;:&quot;yes&quot;}\">\n\t\t\t\t<div class=\"elementor-element elementor-element-fbf08d2 elementor--h-position-center elementor--v-position-middle elementor-arrows-position-inside elementor-pagination-position-inside elementor-widget elementor-widget-slides\" data-id=\"fbf08d2\" data-element_type=\"widget\" data-settings=\"{&quot;navigation&quot;:&quot;both&quot;,&quot;autoplay&quot;:&quot;yes&quot;,&quot;pause_on_hover&quot;:&quot;yes&quot;,&quot;pause_on_interaction&quot;:&quot;yes&quot;,&quot;autoplay_speed&quot;:5000,&quot;infinite&quot;:&quot;yes&quot;,&quot;transition&quot;:&quot;slide&quot;,&quot;transition_speed&quot;:500,&quot;ekit_we_effect_on&quot;:&quot;none&quot;}\" data-widget_type=\"slides.default\">\n\t\t\t\t<div class=\"elementor-widget-container\">\n\t\t\t\t\t\t\t\t\t<div class=\"elementor-swiper\">\n\t\t\t\t\t<div class=\"elementor-slides-wrapper elementor-main-swiper swiper\" role=\"region\" aria-roledescription=\"carousel\" aria-label=\"Diapositivas\" dir=\"ltr\" data-animation=\"fadeInUp\">\n\t\t\t\t<div class=\"swiper-wrapper elementor-slides\">\n\t\t\t\t\t\t\t\t\t\t<div class=\"elementor-repeater-item-edb134d swiper-slide\" role=\"group\" aria-roledescription=\"slide\"><div class=\"swiper-slide-bg\" role=\"img\"><\/div><a class=\"swiper-slide-inner\" href=\"https:\/\/onlytheunique.shop\/es\/shop-10\/\"><div class=\"swiper-slide-contents\"><div class=\"elementor-slide-heading\">Su ventanilla \u00fanica <br\/>Entrega en tienda<\/div><div class=\"elementor-slide-description\">Explora la electr\u00f3nica,<br\/>art\u00edculos para el hogar y mucho m\u00e1s.<\/div><div  class=\"elementor-button elementor-slide-button elementor-size-sm\">Comprar ahora<\/div><\/div><\/a><\/div>\t\t\t\t<\/div>\n\t\t\t\t\t\t\t<\/div>\n\t\t\t\t<\/div>\n\t\t\t\t\t\t\t\t<\/div>\n\t\t\t\t<\/div>\n\t\t\t\t<\/div>\n\t\t<div class=\"elementor-element elementor-element-1f56340 e-flex e-con-boxed e-con e-parent\" data-id=\"1f56340\" data-element_type=\"container\" data-settings=\"{&quot;ekit_has_onepagescroll_dot&quot;:&quot;yes&quot;}\">\n\t\t\t\t\t<div class=\"e-con-inner\">\n\t\t\t\t<div class=\"elementor-element elementor-element-ac15b05 elementor-widget elementor-widget-html\" data-id=\"ac15b05\" data-element_type=\"widget\" data-settings=\"{&quot;ekit_we_effect_on&quot;:&quot;none&quot;}\" data-widget_type=\"html.default\">\n\t\t\t\t<div class=\"elementor-widget-container\">\n\t\t\t\t\t<div class=\"custom-features-wrapper\">\r\n  <div class=\"custom-features\">\r\n    <!-- Free Shipping -->\r\n    <div class=\"feature-box\">\r\n      <div class=\"icon\">\ud83d\ude9a<\/div>\r\n      <h4>Env\u00edo gratuito<\/h4>\r\n      <p>Disfrute de env\u00edo r\u00e1pido y gratuito en todos los pedidos.<\/p>\r\n    <\/div>\r\n\r\n    <!-- Secure Checkout -->\r\n    <div class=\"feature-box\">\r\n      <div class=\"icon\">\ud83d\udee1\ufe0f<\/div>\r\n      <h4>Pago seguro<\/h4>\r\n      <p>Su pago est\u00e1 encriptado y protegido.<\/p>\r\n    <\/div>\r\n\r\n    <!-- 24\/7 Support -->\r\n    <div class=\"feature-box\">\r\n      <div class=\"icon\">\ud83d\udcac<\/div>\r\n      <h4>Asistencia 24\/7<\/h4>\r\n      <p>Estamos aqu\u00ed siempre que necesite gb.<\/p>\r\n    <\/div>\r\n\r\n    <!-- Fast Processing -->\r\n    <div class=\"feature-box\">\r\n      <div class=\"icon\">\ud83d\udd52<\/div>\r\n      <h4>Procesamiento r\u00e1pido<\/h4>\r\n      <p>Los pedidos se embalan y env\u00edan el mismo d\u00eda.<\/p>\r\n    <\/div>\r\n  <\/div>\r\n<\/div>\r\n\r\n<style>\r\n  .custom-features-wrapper {\r\n    background: #EFF0F5;\r\n    padding: 40px 0;\r\n  }\r\n\r\n  .custom-features {\r\n    display: flex;\r\n    flex-wrap: wrap;\r\n    justify-content: center;\r\n    gap: 20px;\r\n    max-width: 960px;\r\n    margin: 0 auto;\r\n  }\r\n\r\n  .feature-box {\r\n    flex: 1 1 180px;\r\n    text-align: center;\r\n    padding: 20px;\r\n  }\r\n\r\n  .feature-box .icon {\r\n    font-size: 36px;\r\n    margin-bottom: 10px;\r\n  }\r\n\r\n  .feature-box h4 {\r\n    margin: 10px 0 5px;\r\n  }\r\n\r\n  .feature-box p {\r\n    font-size: 13px;\r\n    color: #888;\r\n    margin: 0;\r\n  }\r\n<\/style>\t\t\t\t<\/div>\n\t\t\t\t<\/div>\n\t\t\t\t\t<\/div>\n\t\t\t\t<\/div>\n\t\t<div class=\"elementor-element elementor-element-56efd38 e-flex e-con-boxed e-con e-parent\" data-id=\"56efd38\" data-element_type=\"container\" data-settings=\"{&quot;ekit_has_onepagescroll_dot&quot;:&quot;yes&quot;}\">\n\t\t\t\t\t<div class=\"e-con-inner\">\n\t\t\t\t<div class=\"elementor-element elementor-element-c8a7e9c elementor-widget elementor-widget-shortcode\" data-id=\"c8a7e9c\" data-element_type=\"widget\" data-settings=\"{&quot;ekit_we_effect_on&quot;:&quot;none&quot;}\" data-widget_type=\"shortcode.default\">\n\t\t\t\t<div class=\"elementor-widget-container\">\n\t\t\t\t\t\t\t<div class=\"elementor-shortcode\"><div class=\"woocommerce columns-3\"><span class=\"wpfHidden\" data-shortcode-attribute=\"{&quot;limit&quot;:&quot;15&quot;,&quot;columns&quot;:&quot;3&quot;,&quot;rows&quot;:&quot;&quot;,&quot;orderby&quot;:&quot;&quot;,&quot;order&quot;:&quot;&quot;,&quot;ids&quot;:&quot;&quot;,&quot;skus&quot;:&quot;&quot;,&quot;category&quot;:&quot;Home &amp; Living&quot;,&quot;cat_operator&quot;:&quot;IN&quot;,&quot;attribute&quot;:&quot;&quot;,&quot;terms&quot;:&quot;&quot;,&quot;terms_operator&quot;:&quot;IN&quot;,&quot;tag&quot;:&quot;&quot;,&quot;tag_operator&quot;:&quot;IN&quot;,&quot;visibility&quot;:&quot;visible&quot;,&quot;class&quot;:&quot;&quot;,&quot;page&quot;:1,&quot;paginate&quot;:false,&quot;cache&quot;:false}\"><\/span><ul class=\"products columns-3\">\n<li class=\"product type-product post-2623 status-publish first instock product_cat-home-living has-post-thumbnail sale shipping-taxable purchasable product-type-simple\">\n\t<a href=\"https:\/\/onlytheunique.shop\/es\/producto\/baliza-v16-conectada-a-dgt-3-0-luz-emergencia-con-led-indicador-homologado-por-dgt-ventosa-sujecion-aluminio-cristal\/\" class=\"woocommerce-LoopProduct-link woocommerce-loop-product__link\">\n\t<span class=\"onsale\" data-no-translation=\"\" data-trp-gettext=\"\">\u00a1Oferta!<\/span>\n\t<img fetchpriority=\"high\" decoding=\"async\" width=\"300\" height=\"300\" src=\"https:\/\/onlytheunique.shop\/wp-content\/uploads\/2025\/12\/8107a57b84544b07abf2a673a39be896_tplv-t5fjg24jzw-resize-jpeg_800_800-300x300.jpg\" class=\"attachment-woocommerce_thumbnail size-woocommerce_thumbnail wvs-archive-product-image\" alt=\"Baliza V16 | Conectada a DGT 3.0  | Luz Emergencia con Led indicador Homologado por DGT | Ventosa sujecion Aluminio\/Cristal.\" srcset=\"https:\/\/onlytheunique.shop\/wp-content\/uploads\/2025\/12\/8107a57b84544b07abf2a673a39be896_tplv-t5fjg24jzw-resize-jpeg_800_800-300x300.jpg 300w, https:\/\/onlytheunique.shop\/wp-content\/uploads\/2025\/12\/8107a57b84544b07abf2a673a39be896_tplv-t5fjg24jzw-resize-jpeg_800_800-150x150.jpg 150w, https:\/\/onlytheunique.shop\/wp-content\/uploads\/2025\/12\/8107a57b84544b07abf2a673a39be896_tplv-t5fjg24jzw-resize-jpeg_800_800-768x768.jpg 768w, https:\/\/onlytheunique.shop\/wp-content\/uploads\/2025\/12\/8107a57b84544b07abf2a673a39be896_tplv-t5fjg24jzw-resize-jpeg_800_800-12x12.jpg 12w, https:\/\/onlytheunique.shop\/wp-content\/uploads\/2025\/12\/8107a57b84544b07abf2a673a39be896_tplv-t5fjg24jzw-resize-jpeg_800_800-110x110.jpg 110w, https:\/\/onlytheunique.shop\/wp-content\/uploads\/2025\/12\/8107a57b84544b07abf2a673a39be896_tplv-t5fjg24jzw-resize-jpeg_800_800-60x60.jpg 60w, https:\/\/onlytheunique.shop\/wp-content\/uploads\/2025\/12\/8107a57b84544b07abf2a673a39be896_tplv-t5fjg24jzw-resize-jpeg_800_800-600x600.jpg 600w, https:\/\/onlytheunique.shop\/wp-content\/uploads\/2025\/12\/8107a57b84544b07abf2a673a39be896_tplv-t5fjg24jzw-resize-jpeg_800_800-100x100.jpg 100w, https:\/\/onlytheunique.shop\/wp-content\/uploads\/2025\/12\/8107a57b84544b07abf2a673a39be896_tplv-t5fjg24jzw-resize-jpeg_800_800-50x50.jpg 50w, https:\/\/onlytheunique.shop\/wp-content\/uploads\/2025\/12\/8107a57b84544b07abf2a673a39be896_tplv-t5fjg24jzw-resize-jpeg_800_800.jpg 800w\" sizes=\"(max-width: 300px) 100vw, 300px\" \/><h2 class=\"woocommerce-loop-product__title\">Baliza V16 | Conectada a DGT 3.0 | Luz Emergencia con Led indicador Homologado por DGT | Ventosa sujecion Aluminio\/Cristal.<\/h2><div class='jdgm-widget jdgm-preview-badge' data-id='2623'>\n\t<\/div>\n\n\t<span class=\"price\"><span class=\"wcpbc-price wcpbc-price-2623\" data-product-id=\"2623\"><del aria-hidden=\"true\"><span class=\"woocommerce-Price-amount amount\"><bdi>25,99<span class=\"woocommerce-Price-currencySymbol\">\u20ac<\/span><\/bdi><\/span><\/del> <span class=\"screen-reader-text\" data-no-translation=\"\" data-trp-gettext=\"\">El precio original era: 25,99&euro;.<\/span><ins aria-hidden=\"true\"><span class=\"woocommerce-Price-amount amount\"><bdi>5,99<span class=\"woocommerce-Price-currencySymbol\">\u20ac<\/span><\/bdi><\/span><\/ins><span class=\"screen-reader-text\" data-no-translation=\"\" data-trp-gettext=\"\">El precio actual es: 5,99&euro;.<\/span><\/span><\/span>\n<\/a><a href=\"?add-to-cart=2623\" aria-describedby=\"woocommerce_loop_add_to_cart_link_describedby_2623\" data-quantity=\"1\" class=\"button product_type_simple add_to_cart_button ajax_add_to_cart\" data-product_id=\"2623\" data-product_sku=\"\" aria-label=\"A\u00f1adir al carrito: \u201cBaliza V16 | Conectada a DGT 3.0  | Luz Emergencia con Led indicador Homologado por DGT | Ventosa sujecion Aluminio\/Cristal.\u201d\" rel=\"nofollow\" data-success_message=\"\u00abBaliza V16 | Conectada a DGT 3.0  | Luz Emergencia con Led indicador Homologado por DGT | Ventosa sujecion Aluminio\/Cristal.\u00bb se ha a\u00f1adido a tu carrito\" data-no-translation=\"\" data-trp-gettext=\"\" data-no-translation-aria-label=\"\" data-no-translation-data-success_message=\"\">A\u00f1adir al carrito<\/a>\t<span id=\"woocommerce_loop_add_to_cart_link_describedby_2623\" class=\"screen-reader-text\">\n\t\t\t<\/span>\n<a href=\"https:\/\/onlytheunique.shop\/es\/checkout\/?buy-now=2623\" data-quantity=\"1\" class=\"wpcbn-btn wpcbn-btn-archive button product_type_simple add_to_cart_button\" data-product_id=\"2623\" rel=\"nofollow\">Buy now<\/a><\/li>\n<li class=\"wvs-archive-product-wrapper product type-product post-2561 status-publish instock product_cat-home-living has-post-thumbnail sale shipping-taxable purchasable product-type-variable has-default-attributes\">\n\t<a href=\"https:\/\/onlytheunique.shop\/es\/producto\/okos-vezetek-nelkuli-videos-kapucsengo-kamera-csengovel-biztonsagos-egyszeru-telepites-hd-nezet\/\" class=\"woocommerce-LoopProduct-link woocommerce-loop-product__link\">\n\t<span class=\"onsale\" data-no-translation=\"\" data-trp-gettext=\"\">\u00a1Oferta!<\/span>\n\t<img decoding=\"async\" width=\"300\" height=\"300\" src=\"https:\/\/onlytheunique.shop\/wp-content\/uploads\/2025\/12\/d7bdfca935374ebc8202075d2039cea0tplv-t5fjg24jzw-resize-jpeg_800_800-300x300.jpg\" class=\"attachment-woocommerce_thumbnail size-woocommerce_thumbnail wvs-archive-product-image\" alt=\"Okos vezet\u00e9k n\u00e9lk\u00fcli vide\u00f3s kapucseng\u0151 kamera cseng\u0151vel \u2013 Biztons\u00e1gos, egyszer\u0171 telep\u00edt\u00e9s, HD n\u00e9zet\" srcset=\"https:\/\/onlytheunique.shop\/wp-content\/uploads\/2025\/12\/d7bdfca935374ebc8202075d2039cea0tplv-t5fjg24jzw-resize-jpeg_800_800-300x300.jpg 300w, https:\/\/onlytheunique.shop\/wp-content\/uploads\/2025\/12\/d7bdfca935374ebc8202075d2039cea0tplv-t5fjg24jzw-resize-jpeg_800_800-150x150.jpg 150w, https:\/\/onlytheunique.shop\/wp-content\/uploads\/2025\/12\/d7bdfca935374ebc8202075d2039cea0tplv-t5fjg24jzw-resize-jpeg_800_800-768x768.jpg 768w, https:\/\/onlytheunique.shop\/wp-content\/uploads\/2025\/12\/d7bdfca935374ebc8202075d2039cea0tplv-t5fjg24jzw-resize-jpeg_800_800-12x12.jpg 12w, https:\/\/onlytheunique.shop\/wp-content\/uploads\/2025\/12\/d7bdfca935374ebc8202075d2039cea0tplv-t5fjg24jzw-resize-jpeg_800_800-110x110.jpg 110w, https:\/\/onlytheunique.shop\/wp-content\/uploads\/2025\/12\/d7bdfca935374ebc8202075d2039cea0tplv-t5fjg24jzw-resize-jpeg_800_800-60x60.jpg 60w, https:\/\/onlytheunique.shop\/wp-content\/uploads\/2025\/12\/d7bdfca935374ebc8202075d2039cea0tplv-t5fjg24jzw-resize-jpeg_800_800-600x600.jpg 600w, https:\/\/onlytheunique.shop\/wp-content\/uploads\/2025\/12\/d7bdfca935374ebc8202075d2039cea0tplv-t5fjg24jzw-resize-jpeg_800_800-100x100.jpg 100w, https:\/\/onlytheunique.shop\/wp-content\/uploads\/2025\/12\/d7bdfca935374ebc8202075d2039cea0tplv-t5fjg24jzw-resize-jpeg_800_800-50x50.jpg 50w, https:\/\/onlytheunique.shop\/wp-content\/uploads\/2025\/12\/d7bdfca935374ebc8202075d2039cea0tplv-t5fjg24jzw-resize-jpeg_800_800.jpg 800w\" sizes=\"(max-width: 300px) 100vw, 300px\" \/><h2 class=\"woocommerce-loop-product__title\">C\u00e1maras de v\u00eddeo de alta definici\u00f3n de alta calidad - Accesorios, televisores, c\u00e1maras HD<\/h2><div class='jdgm-widget jdgm-preview-badge' data-id='2561'>\n\t<\/div>\n\n\t<span class=\"price\"><span class=\"wcpbc-price wcpbc-price-2561\" data-product-id=\"2561\"><del aria-hidden=\"true\"><span class=\"woocommerce-Price-amount amount\"><bdi>10.999,00<span class=\"woocommerce-Price-currencySymbol\">\u20ac<\/span><\/bdi><\/span><\/del> <span class=\"screen-reader-text\" data-no-translation=\"\" data-trp-gettext=\"\">El precio original era: 10.999,00&euro;.<\/span><ins aria-hidden=\"true\"><span class=\"woocommerce-Price-amount amount\"><bdi>2.999,00<span class=\"woocommerce-Price-currencySymbol\">\u20ac<\/span><\/bdi><\/span><\/ins><span class=\"screen-reader-text\" data-no-translation=\"\" data-trp-gettext=\"\">El precio actual es: 2.999,00&euro;.<\/span><\/span><\/span>\n<\/a><a href=\"https:\/\/onlytheunique.shop\/es\/producto\/okos-vezetek-nelkuli-videos-kapucsengo-kamera-csengovel-biztonsagos-egyszeru-telepites-hd-nezet\/\" aria-describedby=\"woocommerce_loop_add_to_cart_link_describedby_2561\" data-quantity=\"1\" class=\"button product_type_variable add_to_cart_button wvs-add-to-cart-button wvs_ajax_add_to_cart\" data-product_id=\"2561\" data-product_sku=\"\" aria-label=\"Elige las opciones para \u201cOkos vezet\u00e9k n\u00e9lk\u00fcli vide\u00f3s kapucseng\u0151 kamera cseng\u0151vel \u2013 Biztons\u00e1gos, egyszer\u0171 telep\u00edt\u00e9s, HD n\u00e9zet\u201d\" rel=\"nofollow\" data-no-translation=\"\" data-trp-gettext=\"\" data-no-translation-aria-label=\"\">Seleccionar opciones<\/a>\t<span id=\"woocommerce_loop_add_to_cart_link_describedby_2561\" class=\"screen-reader-text\">\n\t\tEste producto tiene m\u00faltiples variantes. Las opciones se pueden elegir en la p\u00e1gina de producto\t<\/span>\n<a href=\"https:\/\/onlytheunique.shop\/es\/checkout\/?buy-now=2561\" data-quantity=\"1\" class=\"wpcbn-btn wpcbn-btn-archive button product_type_simple add_to_cart_button\" data-product_id=\"2561\" rel=\"nofollow\">Buy now<\/a>\n\t<div class=\"wvs-archive-variations-wrapper\" data-threshold_min=\"0\" data-threshold_max=\"100\" data-total_children=\"4\"  data-total_attribute=\"1\" data-product_id=\"2561\" data-product_variations=\"false\">\n\n\t\t\n\t\t\t\t\t<ul class=\"variations\">\n\t\t\t\t\n\t\t\t\t\t\n\n\t\t\t\t\t\t<li class=\"woo-variation-items-wrapper\">\n\t\t\t\t\t\t<select style=\"display:none\" id=\"colour-2561\" class=\"woo-variation-raw-select\" name=\"attribute_colour\" data-attribute_name=\"attribute_colour\" data-show_option_none=\"yes\"><option value=\"\" data-no-translation=\"\" data-trp-gettext=\"\">Elige una opci\u00f3n<\/option><option value=\"beige\" >beige<\/option><option value=\"Black\" >Negro<\/option><option value=\"Beige (without chimes)\"  selected='selected'>Beige (sin carill\u00f3n)<\/option><option value=\"Black (without chimes)\" >Negro (sin carill\u00f3n)<\/option><\/select><ul role=\"radiogroup\" aria-label=\"Color\" class=\"archive-variable-items wvs-style-squared variable-items-wrapper mixed-variable-items-wrapper\" data-attribute_name=\"attribute_colour\" data-attribute_values=\"[&quot;beige&quot;,&quot;Black&quot;,&quot;Beige (without chimes)&quot;,&quot;Black (without chimes)&quot;]\"><li aria-checked=\"false\" tabindex=\"0\" data-attribute_name=\"attribute_colour\" data-wvstooltip=\"beige\" class=\"variable-item image-variable-item image-variable-item-beige\" title=\"beige\" data-title=\"beige\" data-value=\"beige\" role=\"radio\"><div class=\"variable-item-contents\"><img decoding=\"async\" class=\"variable-item-image\"  aria-hidden=\"true\" alt=\"beige\" src=\"https:\/\/onlytheunique.shop\/wp-content\/uploads\/2025\/12\/d7bdfca935374ebc8202075d2039cea0tplv-t5fjg24jzw-resize-jpeg_800_800-1-50x50.jpg\" width=\"50\" height=\"50\" \/><\/div><\/li><li aria-checked=\"false\" tabindex=\"0\" data-attribute_name=\"attribute_colour\" data-wvstooltip=\"Black\" class=\"variable-item image-variable-item image-variable-item-black\" title=\"Negro\" data-title=\"Black\" data-value=\"Black\" role=\"radio\"><div class=\"variable-item-contents\"><img loading=\"lazy\" decoding=\"async\" class=\"variable-item-image\"  aria-hidden=\"true\" alt=\"Black\" src=\"https:\/\/onlytheunique.shop\/wp-content\/uploads\/2025\/12\/fc9dc8506ff24b359038779310afb438tplv-t5fjg24jzw-resize-jpeg_800_800-50x50.jpg\" width=\"50\" height=\"50\" \/><\/div><\/li><li aria-checked=\"true\" tabindex=\"0\" data-attribute_name=\"attribute_colour\" data-wvstooltip=\"Beige (without chimes)\" class=\"variable-item image-variable-item image-variable-item-beige-without-chimes selected\" title=\"Beige (sin carill\u00f3n)\" data-title=\"Beige (without chimes)\" data-value=\"Beige (without chimes)\" role=\"radio\"><div class=\"variable-item-contents\"><img loading=\"lazy\" decoding=\"async\" class=\"variable-item-image\"  aria-hidden=\"true\" alt=\"Beige (without chimes)\" src=\"https:\/\/onlytheunique.shop\/wp-content\/uploads\/2025\/12\/3b43bf262fb8432f953bd81c0477ef97tplv-t5fjg24jzw-resize-jpeg_800_800-50x50.jpg\" width=\"50\" height=\"50\" \/><\/div><\/li><li aria-checked=\"false\" tabindex=\"0\" data-attribute_name=\"attribute_colour\" data-wvstooltip=\"Black (without chimes)\" class=\"variable-item image-variable-item image-variable-item-black-without-chimes\" title=\"Negro (sin carill\u00f3n)\" data-title=\"Black (without chimes)\" data-value=\"Black (without chimes)\" role=\"radio\"><div class=\"variable-item-contents\"><img loading=\"lazy\" decoding=\"async\" class=\"variable-item-image\"  aria-hidden=\"true\" alt=\"Black (without chimes)\" src=\"https:\/\/onlytheunique.shop\/wp-content\/uploads\/2025\/12\/55a0f004807748368767e159a5d74f94tplv-t5fjg24jzw-resize-jpeg_800_800-50x50.jpg\" width=\"50\" height=\"50\" \/><\/div><\/li><\/ul>\t\t\t\t\t\t<\/li>\n\t\t\t\t\t\n\t\t\t\t\t\t\t\t\t<li class=\"wvs_archive_reset_variations\">\n\t\t\t\t\t\t<a class=\"wvs_archive_reset_variations_link\" href=\"#\">Clear<\/a>\n\t\t\t\t\t<\/li>\n\t\t\t\t\n\t\t\t\t\t\t\t<\/ul>\n\n\t\t\t<div class=\"wvs-archive-information\"><\/div>\n\n\t\t\n\t\t\t<\/div>\n\n<\/li>\n<\/ul>\n<\/div><\/div>\n\t\t\t\t\t\t<\/div>\n\t\t\t\t<\/div>\n\t\t\t\t\t<\/div>\n\t\t\t\t<\/div>\n\t\t\t\t<\/div>","protected":false},"excerpt":{"rendered":"<p>Your One-Stop Shop DeliveredExplore electronics,home goods, and more.Shop Now \ud83d\ude9a Free Shipping Enjoy fast &#038; free shipping on all orders. \ud83d\udee1\ufe0f Secure Checkout Your payment is encrypted &#038; protected. \ud83d\udcac Support 24\/7 We&#8217;re here whenever you need gb. \ud83d\udd52 Fast Processing Orders are packed &#038; shipped same day.<\/p>","protected":false},"author":1,"featured_media":0,"parent":0,"menu_order":0,"comment_status":"closed","ping_status":"closed","template":"","meta":{"_acf_changed":false,"footnotes":""},"class_list":["post-983","page","type-page","status-publish","hentry"],"acf":[],"_hostinger_reach_plugin_has_subscription_block":false,"_hostinger_reach_plugin_is_elementor":false,"_links":{"self":[{"href":"https:\/\/onlytheunique.shop\/es\/wp-json\/wp\/v2\/pages\/983","targetHints":{"allow":["GET"]}}],"collection":[{"href":"https:\/\/onlytheunique.shop\/es\/wp-json\/wp\/v2\/pages"}],"about":[{"href":"https:\/\/onlytheunique.shop\/es\/wp-json\/wp\/v2\/types\/page"}],"author":[{"embeddable":true,"href":"https:\/\/onlytheunique.shop\/es\/wp-json\/wp\/v2\/users\/1"}],"replies":[{"embeddable":true,"href":"https:\/\/onlytheunique.shop\/es\/wp-json\/wp\/v2\/comments?post=983"}],"version-history":[{"count":0,"href":"https:\/\/onlytheunique.shop\/es\/wp-json\/wp\/v2\/pages\/983\/revisions"}],"wp:attachment":[{"href":"https:\/\/onlytheunique.shop\/es\/wp-json\/wp\/v2\/media?parent=983"}],"curies":[{"name":"wp","href":"https:\/\/api.w.org\/{rel}","templated":true}]}}