{"id":2561,"date":"2025-12-19T03:07:15","date_gmt":"2025-12-19T03:07:15","guid":{"rendered":"https:\/\/onlytheunique.shop\/?post_type=product&#038;p=2561"},"modified":"2025-12-19T11:39:27","modified_gmt":"2025-12-19T11:39:27","slug":"okos-vezetek-nelkuli-videos-kapucsengo-kamera-csengovel-biztonsagos-egyszeru-telepites-hd-nezet","status":"publish","type":"product","link":"https:\/\/onlytheunique.shop\/es\/producto\/okos-vezetek-nelkuli-videos-kapucsengo-kamera-csengovel-biztonsagos-egyszeru-telepites-hd-nezet\/","title":{"rendered":"C\u00e1maras de v\u00eddeo de alta definici\u00f3n de alta calidad - Accesorios, televisores, c\u00e1maras HD"},"content":{"rendered":"<p><img decoding=\"async\" src=\"https:\/\/ae01.alicdn.com\/kf\/S283fee65750949b887eab817f18a330aD.jpg\" alt=\"\" width=\"auto\" \/>\u00a0<img decoding=\"async\" src=\"https:\/\/ae01.alicdn.com\/kf\/Sdb6badca796345b1851262f0e70c836fd.jpg\" alt=\"\" width=\"auto\" \/>\u00a0<img decoding=\"async\" src=\"https:\/\/ae01.alicdn.com\/kf\/Sda17936d9eb54602892caa3ef8f1ac37j.jpg\" alt=\"\" width=\"auto\" \/>\u00a0<img decoding=\"async\" src=\"https:\/\/ae01.alicdn.com\/kf\/Sd49aee845198417bb41acab1d98eafb1B.jpg\" alt=\"\" width=\"auto\" \/>\u00a0<img decoding=\"async\" src=\"https:\/\/ae01.alicdn.com\/kf\/S28264fd1f50242a6b90c6c3d42edcedaW.jpg\" alt=\"\" width=\"auto\" \/>\u00a0<img decoding=\"async\" src=\"https:\/\/ae01.alicdn.com\/kf\/S4aa4095ea35d4b37b0ddc609ce996263l.jpg\" alt=\"\" width=\"auto\" \/>\u00a0<img decoding=\"async\" src=\"https:\/\/ae01.alicdn.com\/kf\/S11bbb74ec4a94b23962dd6415e48c153x.jpg\" alt=\"\" width=\"auto\" \/>\u00a0<img decoding=\"async\" src=\"https:\/\/ae01.alicdn.com\/kf\/S0134ce680d7d4e73b8a765e2773dec44W.jpg\" alt=\"\" width=\"auto\" \/>\u00a0<img decoding=\"async\" src=\"https:\/\/ae01.alicdn.com\/kf\/Sf53328404bc442078825faeafa69c93eC.jpg\" alt=\"\" width=\"auto\" \/>\u00a0<img decoding=\"async\" src=\"https:\/\/ae01.alicdn.com\/kf\/S315b3aeb970d41e1b820366e7eb36d8dI.jpg\" alt=\"\" width=\"auto\" \/>\u00a0<img decoding=\"async\" src=\"https:\/\/ae01.alicdn.com\/kf\/Sc16a6044c722401a90b66b693357027aj.jpg\" alt=\"\" width=\"auto\" \/>\u00a0<img decoding=\"async\" src=\"https:\/\/ae01.alicdn.com\/kf\/S100a8bc968db4f50bcdfab0590f7ed56p.jpg\" alt=\"\" width=\"auto\" \/>\u00a0<img decoding=\"async\" src=\"https:\/\/ae01.alicdn.com\/kf\/Sd2aa403f4087479c941af75ba260a12dl.jpg\" alt=\"\" width=\"auto\" \/>\u00a0<img decoding=\"async\" src=\"https:\/\/ae01.alicdn.com\/kf\/Sad34513f25ef46c5ae6dccfc40728671G.jpg\" alt=\"\" width=\"auto\" \/><\/p>","protected":false},"excerpt":{"rendered":"<p>\u00a0\u00a0\u00a0\u00a0\u00a0\u00a0\u00a0\u00a0\u00a0\u00a0\u00a0\u00a0\u00a0<\/p>","protected":false},"featured_media":2566,"comment_status":"open","ping_status":"closed","template":"","meta":{"_acf_changed":false},"product_brand":[],"product_cat":[41],"product_tag":[],"class_list":{"0":"post-2561","1":"product","2":"type-product","3":"status-publish","4":"has-post-thumbnail","6":"product_cat-home-living","8":"first","9":"instock","10":"sale","11":"shipping-taxable","12":"purchasable","13":"product-type-variable","14":"has-default-attributes","15":"wvs-archive-product-wrapper"},"acf":[],"_links":{"self":[{"href":"https:\/\/onlytheunique.shop\/es\/wp-json\/wp\/v2\/product\/2561","targetHints":{"allow":["GET"]}}],"collection":[{"href":"https:\/\/onlytheunique.shop\/es\/wp-json\/wp\/v2\/product"}],"about":[{"href":"https:\/\/onlytheunique.shop\/es\/wp-json\/wp\/v2\/types\/product"}],"replies":[{"embeddable":true,"href":"https:\/\/onlytheunique.shop\/es\/wp-json\/wp\/v2\/comments?post=2561"}],"version-history":[{"count":0,"href":"https:\/\/onlytheunique.shop\/es\/wp-json\/wp\/v2\/product\/2561\/revisions"}],"wp:featuredmedia":[{"embeddable":true,"href":"https:\/\/onlytheunique.shop\/es\/wp-json\/wp\/v2\/media\/2566"}],"wp:attachment":[{"href":"https:\/\/onlytheunique.shop\/es\/wp-json\/wp\/v2\/media?parent=2561"}],"wp:term":[{"taxonomy":"product_brand","embeddable":true,"href":"https:\/\/onlytheunique.shop\/es\/wp-json\/wp\/v2\/product_brand?post=2561"},{"taxonomy":"product_cat","embeddable":true,"href":"https:\/\/onlytheunique.shop\/es\/wp-json\/wp\/v2\/product_cat?post=2561"},{"taxonomy":"product_tag","embeddable":true,"href":"https:\/\/onlytheunique.shop\/es\/wp-json\/wp\/v2\/product_tag?post=2561"}],"curies":[{"name":"wp","href":"https:\/\/api.w.org\/{rel}","templated":true}]}}