{"id":2579,"date":"2025-12-21T04:53:45","date_gmt":"2025-12-21T04:53:45","guid":{"rendered":"https:\/\/onlytheunique.shop\/?post_type=product&#038;p=2579"},"modified":"2025-12-21T05:13:14","modified_gmt":"2025-12-21T05:13:14","slug":"aranyos-rajzfilm-kapucnis-takaro-tulmeretezett-320-g-m%c2%b2-es-viselheto-pulover-nagy-zsebbel-a-melegert","status":"publish","type":"product","link":"https:\/\/onlytheunique.shop\/es\/producto\/aranyos-rajzfilm-kapucnis-takaro-tulmeretezett-320-g-m%c2%b2-es-viselheto-pulover-nagy-zsebbel-a-melegert\/","title":{"rendered":"Aranyos rajzfilm kapucnis takar\u00f3 - t\u00falm\u00e9retezett, 320 g\/m\u00b2-es, viselhet\u0151 pul\u00f3ver nagy zsebbel a meleg\u00e9rt"},"content":{"rendered":"<p><img fetchpriority=\"high\" decoding=\"async\" class=\"aligncenter\" src=\"https:\/\/onlytheunique.shop\/wp-content\/uploads\/2025\/12\/1-45-1024x1024.jpg\" sizes=\"(max-width: 800px) 100vw, 800px\" srcset=\"https:\/\/onlytheunique.shop\/wp-content\/uploads\/2025\/12\/1-45-1024x1024.jpg 1024w, https:\/\/onlytheunique.shop\/wp-content\/uploads\/2025\/12\/1-45-300x300.jpg 300w, https:\/\/onlytheunique.shop\/wp-content\/uploads\/2025\/12\/1-45-150x150.jpg 150w, https:\/\/onlytheunique.shop\/wp-content\/uploads\/2025\/12\/1-45-768x768.jpg 768w, https:\/\/onlytheunique.shop\/wp-content\/uploads\/2025\/12\/1-45-1536x1536.jpg 1536w, https:\/\/onlytheunique.shop\/wp-content\/uploads\/2025\/12\/1-45-600x600.jpg 600w, https:\/\/onlytheunique.shop\/wp-content\/uploads\/2025\/12\/1-45-100x100.jpg 100w, https:\/\/onlytheunique.shop\/wp-content\/uploads\/2025\/12\/1-45-50x50.jpg 50w, https:\/\/onlytheunique.shop\/wp-content\/uploads\/2025\/12\/1-45.jpg 2048w\" alt=\"\" width=\"800\" height=\"800\" \/><br \/>\n<img decoding=\"async\" class=\"aligncenter\" src=\"https:\/\/onlytheunique.shop\/wp-content\/uploads\/2025\/12\/3-40-1024x683.jpg\" sizes=\"(max-width: 800px) 100vw, 800px\" srcset=\"https:\/\/onlytheunique.shop\/wp-content\/uploads\/2025\/12\/3-40-1024x683.jpg 1024w, https:\/\/onlytheunique.shop\/wp-content\/uploads\/2025\/12\/3-40-300x200.jpg 300w, https:\/\/onlytheunique.shop\/wp-content\/uploads\/2025\/12\/3-40-768x512.jpg 768w, https:\/\/onlytheunique.shop\/wp-content\/uploads\/2025\/12\/3-40-1536x1024.jpg 1536w, https:\/\/onlytheunique.shop\/wp-content\/uploads\/2025\/12\/3-40-2048x1365.jpg 2048w, https:\/\/onlytheunique.shop\/wp-content\/uploads\/2025\/12\/3-40-600x400.jpg 600w\" alt=\"\" width=\"800\" height=\"534\" \/><br \/>\n<img decoding=\"async\" class=\"aligncenter\" src=\"https:\/\/onlytheunique.shop\/wp-content\/uploads\/2025\/12\/2-36-1024x683.jpg\" sizes=\"(max-width: 800px) 100vw, 800px\" srcset=\"https:\/\/onlytheunique.shop\/wp-content\/uploads\/2025\/12\/2-36-1024x683.jpg 1024w, https:\/\/onlytheunique.shop\/wp-content\/uploads\/2025\/12\/2-36-300x200.jpg 300w, https:\/\/onlytheunique.shop\/wp-content\/uploads\/2025\/12\/2-36-768x512.jpg 768w, https:\/\/onlytheunique.shop\/wp-content\/uploads\/2025\/12\/2-36-1536x1024.jpg 1536w, https:\/\/onlytheunique.shop\/wp-content\/uploads\/2025\/12\/2-36-2048x1365.jpg 2048w, https:\/\/onlytheunique.shop\/wp-content\/uploads\/2025\/12\/2-36-600x400.jpg 600w\" alt=\"\" width=\"800\" height=\"534\" \/><\/p>\n<ul>\n<li>Manta con capucha extra larga para ni\u00f1as y ni\u00f1os: Nuestra manta con capucha es m\u00e1s largo para que pueda casi cubrir el body.you nunca tiene que quejarse de los dem\u00e1s son demasiado cortos, demasiado apretado, y no le permiten sentirse tan c\u00f3modo como se esperaba. No s\u00f3lo es mantener el calor en invierno fr\u00edo, pero tambi\u00e9n puede ser una manta en verano<\/li>\n<li>Ultra suave y c\u00f3modo: Hecho de vell\u00f3n super suave en un lado y felpa sherpa vell\u00f3n en el otro lado. Es una c\u00f3moda y c\u00e1lida camiseta oversize. Dispone de 2 grandes bolsillos delanteros para guardar el mando a distancia, el tel\u00e9fono, aperitivos o el mando del juego, y tus brazos nunca pasar\u00e1n fr\u00edo.<\/li>\n<li>Enorme y de gran tama\u00f1o manta caliente sudaderas: Esta sudadera con capucha enorme y de gran tama\u00f1o de dise\u00f1o c\u00f3modo es un tama\u00f1o perfecto para cualquier adulto, ni\u00f1os y ni\u00f1as adolescentes, 14 a\u00f1os en adelante, y muy gruesa para mantener el calor. Mejor que otros, hemos ampliado la longitud de la sudadera con capucha, por lo que todo el cuerpo puede ser envuelto en el calor, y los tobillos y los pies nunca se siente fr\u00edo otra vez. Esta sudadera con capucha realmente mejorada es adecuada para adultos y ancianos gordos, delgados, altos y bajos, para una m\u00e1xima comodidad.<\/li>\n<li>El mejor regalo para todos\uff1aNuestra manta con capucha de franela de felpa ser\u00e1 el mejor regalo de este a\u00f1o. Es el regalo perfecto para las mam\u00e1s, pap\u00e1s, esposas, maridos, hermanas, hermanos, primos, amigos y estudiantes en el D\u00eda de la Madre, D\u00eda del Padre, Hanukkah, Acci\u00f3n de Gracias, Navidad, Pascua, D\u00eda de San Valent\u00edn, A\u00f1o Nuevo, cumplea\u00f1os, despedidas de soltera, bodas, aniversarios, regalos de equipo, de vuelta a la escuela, graduaci\u00f3n. A todo el mundo le gustar\u00e1 anidar en esta sudadera con capucha ya sea para actividades de interior o deportes al aire libre. Especialmente cuando usted est\u00e1 acampando, se dar\u00e1 cuenta de que es un esencial tales<\/li>\n<\/ul>","protected":false},"excerpt":{"rendered":"<p>Extra Lengthened Wearable Blanket for Girls Boys: Our hoodie blanket is more longer so you can almost cover the body.You never have to complain about others are too short, too tight, and don\u2019t allow you to feel as comfortable as expected. It is not only keep warm in cold winter, but also can be a [&hellip;]<\/p>","protected":false},"featured_media":2584,"comment_status":"open","ping_status":"closed","template":"","meta":{"_acf_changed":false},"product_brand":[],"product_cat":[35],"product_tag":[],"class_list":{"0":"post-2579","1":"product","2":"type-product","3":"status-publish","4":"has-post-thumbnail","6":"product_cat-sale","8":"first","9":"instock","10":"sale","11":"shipping-taxable","12":"purchasable","13":"product-type-variable","14":"has-default-attributes","15":"wvs-archive-product-wrapper"},"acf":[],"_links":{"self":[{"href":"https:\/\/onlytheunique.shop\/es\/wp-json\/wp\/v2\/product\/2579","targetHints":{"allow":["GET"]}}],"collection":[{"href":"https:\/\/onlytheunique.shop\/es\/wp-json\/wp\/v2\/product"}],"about":[{"href":"https:\/\/onlytheunique.shop\/es\/wp-json\/wp\/v2\/types\/product"}],"replies":[{"embeddable":true,"href":"https:\/\/onlytheunique.shop\/es\/wp-json\/wp\/v2\/comments?post=2579"}],"version-history":[{"count":0,"href":"https:\/\/onlytheunique.shop\/es\/wp-json\/wp\/v2\/product\/2579\/revisions"}],"wp:featuredmedia":[{"embeddable":true,"href":"https:\/\/onlytheunique.shop\/es\/wp-json\/wp\/v2\/media\/2584"}],"wp:attachment":[{"href":"https:\/\/onlytheunique.shop\/es\/wp-json\/wp\/v2\/media?parent=2579"}],"wp:term":[{"taxonomy":"product_brand","embeddable":true,"href":"https:\/\/onlytheunique.shop\/es\/wp-json\/wp\/v2\/product_brand?post=2579"},{"taxonomy":"product_cat","embeddable":true,"href":"https:\/\/onlytheunique.shop\/es\/wp-json\/wp\/v2\/product_cat?post=2579"},{"taxonomy":"product_tag","embeddable":true,"href":"https:\/\/onlytheunique.shop\/es\/wp-json\/wp\/v2\/product_tag?post=2579"}],"curies":[{"name":"wp","href":"https:\/\/api.w.org\/{rel}","templated":true}]}}