{"id":3703,"date":"2026-03-13T01:50:29","date_gmt":"2026-03-13T01:50:29","guid":{"rendered":"https:\/\/onlytheunique.shop\/?post_type=product&#038;p=3703"},"modified":"2026-03-15T11:47:04","modified_gmt":"2026-03-15T11:47:04","slug":"tartas-de-chocolate-para-regalar-ideal-san-valentin","status":"publish","type":"product","link":"https:\/\/onlytheunique.shop\/es\/producto\/tartas-de-chocolate-para-regalar-ideal-san-valentin\/","title":{"rendered":"Tartas de Chocolate para Regalar - Ideal San Valent\u00edn"},"content":{"rendered":"<div data-elementor-type=\"product-post\" data-elementor-id=\"3703\" class=\"elementor elementor-3703\" data-elementor-post-type=\"product\">\n\t\t\t\t<div class=\"elementor-element elementor-element-4b3a6e87 e-flex e-con-boxed e-con e-parent\" data-id=\"4b3a6e87\" data-element_type=\"container\" data-settings=\"{&quot;ekit_has_onepagescroll_dot&quot;:&quot;yes&quot;}\">\n\t\t\t\t\t<div class=\"e-con-inner\">\n\t\t\t\t<div class=\"elementor-element elementor-element-151ba908 elementor-widget elementor-widget-image\" data-id=\"151ba908\" data-element_type=\"widget\" data-settings=\"{&quot;ekit_we_effect_on&quot;:&quot;none&quot;}\" data-widget_type=\"image.default\">\n\t\t\t\t<div class=\"elementor-widget-container\">\n\t\t\t\t\t\t\t\t\t\t\t\t\t\t\t<img fetchpriority=\"high\" decoding=\"async\" width=\"970\" height=\"600\" src=\"https:\/\/onlytheunique.shop\/wp-content\/uploads\/2026\/03\/e9f89e42-e035-4151-9448-5c99302ff4f2.__CR00970600_PT0_SX970_V1___.png\" class=\"attachment-full size-full wp-image-3723 wvs-archive-product-image\" alt=\"\" srcset=\"https:\/\/onlytheunique.shop\/wp-content\/uploads\/2026\/03\/e9f89e42-e035-4151-9448-5c99302ff4f2.__CR00970600_PT0_SX970_V1___.png 970w, https:\/\/onlytheunique.shop\/wp-content\/uploads\/2026\/03\/e9f89e42-e035-4151-9448-5c99302ff4f2.__CR00970600_PT0_SX970_V1___-300x186.png 300w, https:\/\/onlytheunique.shop\/wp-content\/uploads\/2026\/03\/e9f89e42-e035-4151-9448-5c99302ff4f2.__CR00970600_PT0_SX970_V1___-768x475.png 768w, https:\/\/onlytheunique.shop\/wp-content\/uploads\/2026\/03\/e9f89e42-e035-4151-9448-5c99302ff4f2.__CR00970600_PT0_SX970_V1___-18x12.png 18w, https:\/\/onlytheunique.shop\/wp-content\/uploads\/2026\/03\/e9f89e42-e035-4151-9448-5c99302ff4f2.__CR00970600_PT0_SX970_V1___-110x68.png 110w, https:\/\/onlytheunique.shop\/wp-content\/uploads\/2026\/03\/e9f89e42-e035-4151-9448-5c99302ff4f2.__CR00970600_PT0_SX970_V1___-60x37.png 60w, https:\/\/onlytheunique.shop\/wp-content\/uploads\/2026\/03\/e9f89e42-e035-4151-9448-5c99302ff4f2.__CR00970600_PT0_SX970_V1___-600x371.png 600w\" sizes=\"(max-width: 970px) 100vw, 970px\" \/>\t\t\t\t\t\t\t\t\t\t\t\t\t\t\t<\/div>\n\t\t\t\t<\/div>\n\t\t<div class=\"elementor-element elementor-element-89e20d5 e-grid e-con-full e-con e-child\" data-id=\"89e20d5\" data-element_type=\"container\" data-settings=\"{&quot;ekit_has_onepagescroll_dot&quot;:&quot;yes&quot;}\">\n\t\t\t\t<div class=\"elementor-element elementor-element-636a582 elementor-position-top elementor-widget elementor-widget-image-box\" data-id=\"636a582\" data-element_type=\"widget\" data-settings=\"{&quot;ekit_we_effect_on&quot;:&quot;none&quot;}\" data-widget_type=\"image-box.default\">\n\t\t\t\t<div class=\"elementor-widget-container\">\n\t\t\t\t\t<div class=\"elementor-image-box-wrapper\"><figure class=\"elementor-image-box-img\"><img decoding=\"async\" width=\"800\" height=\"800\" src=\"https:\/\/onlytheunique.shop\/wp-content\/uploads\/2026\/03\/17b7f81659c54aadbb1cadfecefe3a84_tplv-tulkllf4y5-resize-jpeg_800_800-1.jpg\" class=\"attachment-full size-full wp-image-3724 wvs-archive-product-image\" alt=\"\" srcset=\"https:\/\/onlytheunique.shop\/wp-content\/uploads\/2026\/03\/17b7f81659c54aadbb1cadfecefe3a84_tplv-tulkllf4y5-resize-jpeg_800_800-1.jpg 800w, https:\/\/onlytheunique.shop\/wp-content\/uploads\/2026\/03\/17b7f81659c54aadbb1cadfecefe3a84_tplv-tulkllf4y5-resize-jpeg_800_800-1-300x300.jpg 300w, https:\/\/onlytheunique.shop\/wp-content\/uploads\/2026\/03\/17b7f81659c54aadbb1cadfecefe3a84_tplv-tulkllf4y5-resize-jpeg_800_800-1-150x150.jpg 150w, https:\/\/onlytheunique.shop\/wp-content\/uploads\/2026\/03\/17b7f81659c54aadbb1cadfecefe3a84_tplv-tulkllf4y5-resize-jpeg_800_800-1-768x768.jpg 768w, https:\/\/onlytheunique.shop\/wp-content\/uploads\/2026\/03\/17b7f81659c54aadbb1cadfecefe3a84_tplv-tulkllf4y5-resize-jpeg_800_800-1-12x12.jpg 12w, https:\/\/onlytheunique.shop\/wp-content\/uploads\/2026\/03\/17b7f81659c54aadbb1cadfecefe3a84_tplv-tulkllf4y5-resize-jpeg_800_800-1-110x110.jpg 110w, https:\/\/onlytheunique.shop\/wp-content\/uploads\/2026\/03\/17b7f81659c54aadbb1cadfecefe3a84_tplv-tulkllf4y5-resize-jpeg_800_800-1-60x60.jpg 60w, https:\/\/onlytheunique.shop\/wp-content\/uploads\/2026\/03\/17b7f81659c54aadbb1cadfecefe3a84_tplv-tulkllf4y5-resize-jpeg_800_800-1-600x600.jpg 600w, https:\/\/onlytheunique.shop\/wp-content\/uploads\/2026\/03\/17b7f81659c54aadbb1cadfecefe3a84_tplv-tulkllf4y5-resize-jpeg_800_800-1-100x100.jpg 100w, https:\/\/onlytheunique.shop\/wp-content\/uploads\/2026\/03\/17b7f81659c54aadbb1cadfecefe3a84_tplv-tulkllf4y5-resize-jpeg_800_800-1-50x50.jpg 50w\" sizes=\"(max-width: 800px) 100vw, 800px\" \/><\/figure><div class=\"elementor-image-box-content\"><h3 class=\"elementor-image-box-title\">Un Regalo \u00fanico para este San Valent\u00edn<\/h3><p class=\"elementor-image-box-description\">Demuestra lo que sientes este san Valentin por esa persona tan especial: Tarta de Ferrero Rocher y chocolate Kinder, ideal para San Valent\u00edn.\n\nCada producto est\u00e1 cuidadosamente pensado para garantizar un regalo super original para este 14 de Febrero<\/p><\/div><\/div>\t\t\t\t<\/div>\n\t\t\t\t<\/div>\n\t\t\t\t<div class=\"elementor-element elementor-element-3ae76c16 elementor-position-top elementor-widget elementor-widget-image-box\" data-id=\"3ae76c16\" data-element_type=\"widget\" data-settings=\"{&quot;ekit_we_effect_on&quot;:&quot;none&quot;}\" data-widget_type=\"image-box.default\">\n\t\t\t\t<div class=\"elementor-widget-container\">\n\t\t\t\t\t<div class=\"elementor-image-box-wrapper\"><figure class=\"elementor-image-box-img\"><img decoding=\"async\" width=\"220\" height=\"220\" src=\"https:\/\/onlytheunique.shop\/wp-content\/uploads\/2026\/03\/530632e1-0480-4768-b357-1c4219df1ed8.__CR00220220_PT0_SX220_V1___.png\" class=\"attachment-full size-full wp-image-3725 wvs-archive-product-image\" alt=\"\" srcset=\"https:\/\/onlytheunique.shop\/wp-content\/uploads\/2026\/03\/530632e1-0480-4768-b357-1c4219df1ed8.__CR00220220_PT0_SX220_V1___.png 220w, https:\/\/onlytheunique.shop\/wp-content\/uploads\/2026\/03\/530632e1-0480-4768-b357-1c4219df1ed8.__CR00220220_PT0_SX220_V1___-150x150.png 150w, https:\/\/onlytheunique.shop\/wp-content\/uploads\/2026\/03\/530632e1-0480-4768-b357-1c4219df1ed8.__CR00220220_PT0_SX220_V1___-12x12.png 12w, https:\/\/onlytheunique.shop\/wp-content\/uploads\/2026\/03\/530632e1-0480-4768-b357-1c4219df1ed8.__CR00220220_PT0_SX220_V1___-110x110.png 110w, https:\/\/onlytheunique.shop\/wp-content\/uploads\/2026\/03\/530632e1-0480-4768-b357-1c4219df1ed8.__CR00220220_PT0_SX220_V1___-60x60.png 60w, https:\/\/onlytheunique.shop\/wp-content\/uploads\/2026\/03\/530632e1-0480-4768-b357-1c4219df1ed8.__CR00220220_PT0_SX220_V1___-100x100.png 100w, https:\/\/onlytheunique.shop\/wp-content\/uploads\/2026\/03\/530632e1-0480-4768-b357-1c4219df1ed8.__CR00220220_PT0_SX220_V1___-50x50.png 50w\" sizes=\"(max-width: 220px) 100vw, 220px\" \/><\/figure><div class=\"elementor-image-box-content\"><h3 class=\"elementor-image-box-title\">Una caja perfecta para regalar<\/h3><p class=\"elementor-image-box-description\">Sorprende a tu pareja con esta caja regalo perfecta para San Valent\u00edn.\n\nCon todos los detalles perfectos para este d\u00eda de los enamorados.<\/p><\/div><\/div>\t\t\t\t<\/div>\n\t\t\t\t<\/div>\n\t\t\t\t<div class=\"elementor-element elementor-element-2caec76 elementor-position-top elementor-widget elementor-widget-image-box\" data-id=\"2caec76\" data-element_type=\"widget\" data-settings=\"{&quot;ekit_we_effect_on&quot;:&quot;none&quot;}\" data-widget_type=\"image-box.default\">\n\t\t\t\t<div class=\"elementor-widget-container\">\n\t\t\t\t\t<div class=\"elementor-image-box-wrapper\"><figure class=\"elementor-image-box-img\"><img loading=\"lazy\" decoding=\"async\" width=\"220\" height=\"220\" src=\"https:\/\/onlytheunique.shop\/wp-content\/uploads\/2026\/03\/e380bbc4-d2f4-4615-8cca-d14107dec261.__CR0015001500_PT0_SX220_V1___.jpg\" class=\"attachment-full size-full wp-image-3726 wvs-archive-product-image\" alt=\"\" srcset=\"https:\/\/onlytheunique.shop\/wp-content\/uploads\/2026\/03\/e380bbc4-d2f4-4615-8cca-d14107dec261.__CR0015001500_PT0_SX220_V1___.jpg 220w, https:\/\/onlytheunique.shop\/wp-content\/uploads\/2026\/03\/e380bbc4-d2f4-4615-8cca-d14107dec261.__CR0015001500_PT0_SX220_V1___-150x150.jpg 150w, https:\/\/onlytheunique.shop\/wp-content\/uploads\/2026\/03\/e380bbc4-d2f4-4615-8cca-d14107dec261.__CR0015001500_PT0_SX220_V1___-12x12.jpg 12w, https:\/\/onlytheunique.shop\/wp-content\/uploads\/2026\/03\/e380bbc4-d2f4-4615-8cca-d14107dec261.__CR0015001500_PT0_SX220_V1___-110x110.jpg 110w, https:\/\/onlytheunique.shop\/wp-content\/uploads\/2026\/03\/e380bbc4-d2f4-4615-8cca-d14107dec261.__CR0015001500_PT0_SX220_V1___-60x60.jpg 60w, https:\/\/onlytheunique.shop\/wp-content\/uploads\/2026\/03\/e380bbc4-d2f4-4615-8cca-d14107dec261.__CR0015001500_PT0_SX220_V1___-100x100.jpg 100w, https:\/\/onlytheunique.shop\/wp-content\/uploads\/2026\/03\/e380bbc4-d2f4-4615-8cca-d14107dec261.__CR0015001500_PT0_SX220_V1___-50x50.jpg 50w\" sizes=\"(max-width: 220px) 100vw, 220px\" \/><\/figure><div class=\"elementor-image-box-content\"><h3 class=\"elementor-image-box-title\">Un detalle muy cuidado<\/h3><p class=\"elementor-image-box-description\">Cada elemento, esta cuidadosamente seleccionado para crear una caja perfecta para regalar, incluye:\n\n29 Bombones Kinder\n23 Bombones Ferrero Rocher\n1 Rosa de Gominola Sabor Fresa.\n1 Tarjeta con tu mensaje personalizado<\/p><\/div><\/div>\t\t\t\t<\/div>\n\t\t\t\t<\/div>\n\t\t\t\t<div class=\"elementor-element elementor-element-348d5c62 elementor-position-top elementor-widget elementor-widget-image-box\" data-id=\"348d5c62\" data-element_type=\"widget\" data-settings=\"{&quot;ekit_we_effect_on&quot;:&quot;none&quot;}\" data-widget_type=\"image-box.default\">\n\t\t\t\t<div class=\"elementor-widget-container\">\n\t\t\t\t\t<div class=\"elementor-image-box-wrapper\"><figure class=\"elementor-image-box-img\"><img loading=\"lazy\" decoding=\"async\" width=\"220\" height=\"220\" src=\"https:\/\/onlytheunique.shop\/wp-content\/uploads\/2026\/03\/4599c38b-c2d6-4688-b89f-ae311f73848f.__CR00220220_PT0_SX220_V1___.png\" class=\"attachment-full size-full wp-image-3727 wvs-archive-product-image\" alt=\"\" srcset=\"https:\/\/onlytheunique.shop\/wp-content\/uploads\/2026\/03\/4599c38b-c2d6-4688-b89f-ae311f73848f.__CR00220220_PT0_SX220_V1___.png 220w, https:\/\/onlytheunique.shop\/wp-content\/uploads\/2026\/03\/4599c38b-c2d6-4688-b89f-ae311f73848f.__CR00220220_PT0_SX220_V1___-150x150.png 150w, https:\/\/onlytheunique.shop\/wp-content\/uploads\/2026\/03\/4599c38b-c2d6-4688-b89f-ae311f73848f.__CR00220220_PT0_SX220_V1___-12x12.png 12w, https:\/\/onlytheunique.shop\/wp-content\/uploads\/2026\/03\/4599c38b-c2d6-4688-b89f-ae311f73848f.__CR00220220_PT0_SX220_V1___-110x110.png 110w, https:\/\/onlytheunique.shop\/wp-content\/uploads\/2026\/03\/4599c38b-c2d6-4688-b89f-ae311f73848f.__CR00220220_PT0_SX220_V1___-60x60.png 60w, https:\/\/onlytheunique.shop\/wp-content\/uploads\/2026\/03\/4599c38b-c2d6-4688-b89f-ae311f73848f.__CR00220220_PT0_SX220_V1___-100x100.png 100w, https:\/\/onlytheunique.shop\/wp-content\/uploads\/2026\/03\/4599c38b-c2d6-4688-b89f-ae311f73848f.__CR00220220_PT0_SX220_V1___-50x50.png 50w\" sizes=\"(max-width: 220px) 100vw, 220px\" \/><\/figure><div class=\"elementor-image-box-content\"><h3 class=\"elementor-image-box-title\">Para compartir con quien m\u00e1s quieras<\/h3><p class=\"elementor-image-box-description\">Una selecci\u00f3n especial de las mejores ideas de regalos gourmet originales para el D\u00eda de San Valent\u00edn, porque tu Valentin - o tu Valentina - \u00a1se lo merece!<\/p><\/div><\/div>\t\t\t\t<\/div>\n\t\t\t\t<\/div>\n\t\t\t\t<\/div>\n\t\t<div class=\"elementor-element elementor-element-3779a121 e-grid e-con-full e-con e-child\" data-id=\"3779a121\" data-element_type=\"container\" data-settings=\"{&quot;ekit_has_onepagescroll_dot&quot;:&quot;yes&quot;}\">\n\t\t\t\t<div class=\"elementor-element elementor-element-2ea12547 elementor-position-top elementor-widget elementor-widget-image-box\" data-id=\"2ea12547\" data-element_type=\"widget\" data-settings=\"{&quot;ekit_we_effect_on&quot;:&quot;none&quot;}\" data-widget_type=\"image-box.default\">\n\t\t\t\t<div class=\"elementor-widget-container\">\n\t\t\t\t\t<div class=\"elementor-image-box-wrapper\"><figure class=\"elementor-image-box-img\"><img loading=\"lazy\" decoding=\"async\" width=\"220\" height=\"220\" src=\"https:\/\/onlytheunique.shop\/wp-content\/uploads\/2026\/03\/43c15b39-8859-407a-a8ad-e6fbfeabc385.__CR00220220_PT0_SX220_V1___.png\" class=\"attachment-full size-full wp-image-3728 wvs-archive-product-image\" alt=\"\" srcset=\"https:\/\/onlytheunique.shop\/wp-content\/uploads\/2026\/03\/43c15b39-8859-407a-a8ad-e6fbfeabc385.__CR00220220_PT0_SX220_V1___.png 220w, https:\/\/onlytheunique.shop\/wp-content\/uploads\/2026\/03\/43c15b39-8859-407a-a8ad-e6fbfeabc385.__CR00220220_PT0_SX220_V1___-150x150.png 150w, https:\/\/onlytheunique.shop\/wp-content\/uploads\/2026\/03\/43c15b39-8859-407a-a8ad-e6fbfeabc385.__CR00220220_PT0_SX220_V1___-12x12.png 12w, https:\/\/onlytheunique.shop\/wp-content\/uploads\/2026\/03\/43c15b39-8859-407a-a8ad-e6fbfeabc385.__CR00220220_PT0_SX220_V1___-110x110.png 110w, https:\/\/onlytheunique.shop\/wp-content\/uploads\/2026\/03\/43c15b39-8859-407a-a8ad-e6fbfeabc385.__CR00220220_PT0_SX220_V1___-60x60.png 60w, https:\/\/onlytheunique.shop\/wp-content\/uploads\/2026\/03\/43c15b39-8859-407a-a8ad-e6fbfeabc385.__CR00220220_PT0_SX220_V1___-100x100.png 100w, https:\/\/onlytheunique.shop\/wp-content\/uploads\/2026\/03\/43c15b39-8859-407a-a8ad-e6fbfeabc385.__CR00220220_PT0_SX220_V1___-50x50.png 50w\" sizes=\"(max-width: 220px) 100vw, 220px\" \/><\/figure><div class=\"elementor-image-box-content\"><h3 class=\"elementor-image-box-title\">Un Regalo de San Valent\u00edn muy especial<\/h3><p class=\"elementor-image-box-description\">Cada Caja Regalo de nuestra colecci\u00f3n de San Valent\u00edn es una promesa de sonrisas y momentos especiales. Creamos experiencias de regalo que trascienden lo habitual, ideales para expresar aprecio y celebrar con tu persona favorita<\/p><\/div><\/div>\t\t\t\t<\/div>\n\t\t\t\t<\/div>\n\t\t\t\t<div class=\"elementor-element elementor-element-6eb0de72 elementor-position-top elementor-widget elementor-widget-image-box\" data-id=\"6eb0de72\" data-element_type=\"widget\" data-settings=\"{&quot;ekit_we_effect_on&quot;:&quot;none&quot;}\" data-widget_type=\"image-box.default\">\n\t\t\t\t<div class=\"elementor-widget-container\">\n\t\t\t\t\t<div class=\"elementor-image-box-wrapper\"><figure class=\"elementor-image-box-img\"><img loading=\"lazy\" decoding=\"async\" width=\"220\" height=\"220\" src=\"https:\/\/onlytheunique.shop\/wp-content\/uploads\/2026\/03\/128e8e9e-2260-4346-aa2f-14fe45fb2801.__CR00220220_PT0_SX220_V1___.png\" class=\"attachment-full size-full wp-image-3729 wvs-archive-product-image\" alt=\"\" srcset=\"https:\/\/onlytheunique.shop\/wp-content\/uploads\/2026\/03\/128e8e9e-2260-4346-aa2f-14fe45fb2801.__CR00220220_PT0_SX220_V1___.png 220w, https:\/\/onlytheunique.shop\/wp-content\/uploads\/2026\/03\/128e8e9e-2260-4346-aa2f-14fe45fb2801.__CR00220220_PT0_SX220_V1___-150x150.png 150w, https:\/\/onlytheunique.shop\/wp-content\/uploads\/2026\/03\/128e8e9e-2260-4346-aa2f-14fe45fb2801.__CR00220220_PT0_SX220_V1___-12x12.png 12w, https:\/\/onlytheunique.shop\/wp-content\/uploads\/2026\/03\/128e8e9e-2260-4346-aa2f-14fe45fb2801.__CR00220220_PT0_SX220_V1___-110x110.png 110w, https:\/\/onlytheunique.shop\/wp-content\/uploads\/2026\/03\/128e8e9e-2260-4346-aa2f-14fe45fb2801.__CR00220220_PT0_SX220_V1___-60x60.png 60w, https:\/\/onlytheunique.shop\/wp-content\/uploads\/2026\/03\/128e8e9e-2260-4346-aa2f-14fe45fb2801.__CR00220220_PT0_SX220_V1___-100x100.png 100w, https:\/\/onlytheunique.shop\/wp-content\/uploads\/2026\/03\/128e8e9e-2260-4346-aa2f-14fe45fb2801.__CR00220220_PT0_SX220_V1___-50x50.png 50w\" sizes=\"(max-width: 220px) 100vw, 220px\" \/><\/figure><div class=\"elementor-image-box-content\"><h3 class=\"elementor-image-box-title\">Buscamos ser los mejores<\/h3><p class=\"elementor-image-box-description\">La calidad es el pilar de nuestra marca. Nos comprometemos a ofrecer solo los mejores productos gourmet, seleccionados meticulosamente para asegurar la m\u00e1s alta calidad y satisfacci\u00f3n en cada degustaci\u00f3n.<\/p><\/div><\/div>\t\t\t\t<\/div>\n\t\t\t\t<\/div>\n\t\t\t\t<div class=\"elementor-element elementor-element-4fa87cd3 elementor-position-top elementor-widget elementor-widget-image-box\" data-id=\"4fa87cd3\" data-element_type=\"widget\" data-settings=\"{&quot;ekit_we_effect_on&quot;:&quot;none&quot;}\" data-widget_type=\"image-box.default\">\n\t\t\t\t<div class=\"elementor-widget-container\">\n\t\t\t\t\t<div class=\"elementor-image-box-wrapper\"><figure class=\"elementor-image-box-img\"><img loading=\"lazy\" decoding=\"async\" width=\"220\" height=\"220\" src=\"https:\/\/onlytheunique.shop\/wp-content\/uploads\/2026\/03\/a29712d1-c454-4ffd-9472-9bf9ef687ee6.__CR00220220_PT0_SX220_V1___.png\" class=\"attachment-full size-full wp-image-3730 wvs-archive-product-image\" alt=\"\" srcset=\"https:\/\/onlytheunique.shop\/wp-content\/uploads\/2026\/03\/a29712d1-c454-4ffd-9472-9bf9ef687ee6.__CR00220220_PT0_SX220_V1___.png 220w, https:\/\/onlytheunique.shop\/wp-content\/uploads\/2026\/03\/a29712d1-c454-4ffd-9472-9bf9ef687ee6.__CR00220220_PT0_SX220_V1___-150x150.png 150w, https:\/\/onlytheunique.shop\/wp-content\/uploads\/2026\/03\/a29712d1-c454-4ffd-9472-9bf9ef687ee6.__CR00220220_PT0_SX220_V1___-12x12.png 12w, https:\/\/onlytheunique.shop\/wp-content\/uploads\/2026\/03\/a29712d1-c454-4ffd-9472-9bf9ef687ee6.__CR00220220_PT0_SX220_V1___-110x110.png 110w, https:\/\/onlytheunique.shop\/wp-content\/uploads\/2026\/03\/a29712d1-c454-4ffd-9472-9bf9ef687ee6.__CR00220220_PT0_SX220_V1___-60x60.png 60w, https:\/\/onlytheunique.shop\/wp-content\/uploads\/2026\/03\/a29712d1-c454-4ffd-9472-9bf9ef687ee6.__CR00220220_PT0_SX220_V1___-100x100.png 100w, https:\/\/onlytheunique.shop\/wp-content\/uploads\/2026\/03\/a29712d1-c454-4ffd-9472-9bf9ef687ee6.__CR00220220_PT0_SX220_V1___-50x50.png 50w\" sizes=\"(max-width: 220px) 100vw, 220px\" \/><\/figure><div class=\"elementor-image-box-content\"><h3 class=\"elementor-image-box-title\">Elaboracion y empaquetado Familiar<\/h3><p class=\"elementor-image-box-description\">Nuestros productos son el resultado de m\u00e1s de 2 generaciones de tradici\u00f3n y pasi\u00f3n. Elaborados con manos expertas y empaquetados con el coraz\u00f3n, cada art\u00edculo lleva consigo el calor de toda una familia.<\/p><\/div><\/div>\t\t\t\t<\/div>\n\t\t\t\t<\/div>\n\t\t\t\t<div class=\"elementor-element elementor-element-49fe6a71 elementor-position-top elementor-widget elementor-widget-image-box\" data-id=\"49fe6a71\" data-element_type=\"widget\" data-settings=\"{&quot;ekit_we_effect_on&quot;:&quot;none&quot;}\" data-widget_type=\"image-box.default\">\n\t\t\t\t<div class=\"elementor-widget-container\">\n\t\t\t\t\t<div class=\"elementor-image-box-wrapper\"><figure class=\"elementor-image-box-img\"><img loading=\"lazy\" decoding=\"async\" width=\"220\" height=\"220\" src=\"https:\/\/onlytheunique.shop\/wp-content\/uploads\/2026\/03\/d8ee4e76-2979-499c-ae6a-f20ef23fe603.__CR00220220_PT0_SX220_V1___.png\" class=\"attachment-full size-full wp-image-3731 wvs-archive-product-image\" alt=\"\" srcset=\"https:\/\/onlytheunique.shop\/wp-content\/uploads\/2026\/03\/d8ee4e76-2979-499c-ae6a-f20ef23fe603.__CR00220220_PT0_SX220_V1___.png 220w, https:\/\/onlytheunique.shop\/wp-content\/uploads\/2026\/03\/d8ee4e76-2979-499c-ae6a-f20ef23fe603.__CR00220220_PT0_SX220_V1___-150x150.png 150w, https:\/\/onlytheunique.shop\/wp-content\/uploads\/2026\/03\/d8ee4e76-2979-499c-ae6a-f20ef23fe603.__CR00220220_PT0_SX220_V1___-12x12.png 12w, https:\/\/onlytheunique.shop\/wp-content\/uploads\/2026\/03\/d8ee4e76-2979-499c-ae6a-f20ef23fe603.__CR00220220_PT0_SX220_V1___-110x110.png 110w, https:\/\/onlytheunique.shop\/wp-content\/uploads\/2026\/03\/d8ee4e76-2979-499c-ae6a-f20ef23fe603.__CR00220220_PT0_SX220_V1___-60x60.png 60w, https:\/\/onlytheunique.shop\/wp-content\/uploads\/2026\/03\/d8ee4e76-2979-499c-ae6a-f20ef23fe603.__CR00220220_PT0_SX220_V1___-100x100.png 100w, https:\/\/onlytheunique.shop\/wp-content\/uploads\/2026\/03\/d8ee4e76-2979-499c-ae6a-f20ef23fe603.__CR00220220_PT0_SX220_V1___-50x50.png 50w\" sizes=\"(max-width: 220px) 100vw, 220px\" \/><\/figure><div class=\"elementor-image-box-content\"><h3 class=\"elementor-image-box-title\">\u00bfQu\u00e9 opinan de nosotros?<\/h3><p class=\"elementor-image-box-description\">Las opiniones de nuestros clientes son el reflejo de nuestro compromiso contigo en cada regalo. Sus testimonios resplandecen con la satisfacci\u00f3n que solo la verdadera calidad puede inspirar.<\/p><\/div><\/div>\t\t\t\t<\/div>\n\t\t\t\t<\/div>\n\t\t\t\t<\/div>\n\t\t\t\t<div class=\"elementor-element elementor-element-3c761454 elementor-widget elementor-widget-image\" data-id=\"3c761454\" data-element_type=\"widget\" data-settings=\"{&quot;ekit_we_effect_on&quot;:&quot;none&quot;}\" data-widget_type=\"image.default\">\n\t\t\t\t<div class=\"elementor-widget-container\">\n\t\t\t\t\t\t\t\t\t\t\t\t\t\t\t<img loading=\"lazy\" decoding=\"async\" width=\"970\" height=\"600\" src=\"https:\/\/onlytheunique.shop\/wp-content\/uploads\/2026\/03\/497ba6bd-e15f-4dce-ad69-a9d4aeebccb4.__CR00970600_PT0_SX970_V1___.png\" class=\"attachment-full size-full wp-image-3732 wvs-archive-product-image\" alt=\"\" srcset=\"https:\/\/onlytheunique.shop\/wp-content\/uploads\/2026\/03\/497ba6bd-e15f-4dce-ad69-a9d4aeebccb4.__CR00970600_PT0_SX970_V1___.png 970w, https:\/\/onlytheunique.shop\/wp-content\/uploads\/2026\/03\/497ba6bd-e15f-4dce-ad69-a9d4aeebccb4.__CR00970600_PT0_SX970_V1___-300x186.png 300w, https:\/\/onlytheunique.shop\/wp-content\/uploads\/2026\/03\/497ba6bd-e15f-4dce-ad69-a9d4aeebccb4.__CR00970600_PT0_SX970_V1___-768x475.png 768w, https:\/\/onlytheunique.shop\/wp-content\/uploads\/2026\/03\/497ba6bd-e15f-4dce-ad69-a9d4aeebccb4.__CR00970600_PT0_SX970_V1___-18x12.png 18w, https:\/\/onlytheunique.shop\/wp-content\/uploads\/2026\/03\/497ba6bd-e15f-4dce-ad69-a9d4aeebccb4.__CR00970600_PT0_SX970_V1___-110x68.png 110w, https:\/\/onlytheunique.shop\/wp-content\/uploads\/2026\/03\/497ba6bd-e15f-4dce-ad69-a9d4aeebccb4.__CR00970600_PT0_SX970_V1___-60x37.png 60w, https:\/\/onlytheunique.shop\/wp-content\/uploads\/2026\/03\/497ba6bd-e15f-4dce-ad69-a9d4aeebccb4.__CR00970600_PT0_SX970_V1___-600x371.png 600w\" sizes=\"(max-width: 970px) 100vw, 970px\" \/>\t\t\t\t\t\t\t\t\t\t\t\t\t\t\t<\/div>\n\t\t\t\t<\/div>\n\t\t\t\t<div class=\"elementor-element elementor-element-27dff994 elementor-widget elementor-widget-text-editor\" data-id=\"27dff994\" data-element_type=\"widget\" data-settings=\"{&quot;ekit_we_effect_on&quot;:&quot;none&quot;}\" data-widget_type=\"text-editor.default\">\n\t\t\t\t<div class=\"elementor-widget-container\">\n\t\t\t\t\t\t\t\t\t<!DOCTYPE html>\n<html lang=\"en\">\n<head>\n    <meta charset=\"UTF-8\">\n    <meta name=\"viewport\" content=\"width=device-width, initial-scale=1.0\">\n    <title>Technical Details<\/title>\n    <style>\n        .details-table {\n            width: 100%;\n            border-collapse: collapse;\n            font-family: Arial, sans-serif;\n            font-size: 14px;\n        }\n        .details-table tr {\n            border-bottom: 1px solid #000; \/* \u4e0b\u5212\u7ebf\u8d2f\u7a7f\u5de6\u53f3 *\/\n        }\n        .details-table td {\n            padding: 10px 0;\n            vertical-align: top;\n            text-align: left;\n        }\n        .details-table td:first-child {\n            width: 40%; \/* \u5de6\u4fa7\u5217\u5bbd\u5ea6 *\/\n            font-weight: bold;\n        }\n        .details-table td:last-child {\n            width: 60%; \/* \u53f3\u4fa7\u5217\u5bbd\u5ea6 *\/\n        }\n        .section-header {\n            font-size: 18px;\n            font-weight: bold;\n            padding: 15px 0 10px 0;\n            border-bottom: 2px solid #333;\n            margin-top: 10px;\n        }\n    <\/style>\n<\/head>\n<body>\n    <div class=\"section-header\">Detalles t\u00e9cnicos<\/div>\n    <table class=\"details-table\">\n        <tr>\n            <td>Informaci\u00f3n general<\/td>\n            <td><\/td>\n        <\/tr>\n        <tr>\n            <td>Dimensiones del paquete<\/td>\n            <td>22 x 22 x 10 cm; 1 kg<\/td>\n        <\/tr>\n        <tr>\n            <td>Aditivos<\/td>\n            <td>Surtido de chocolates<\/td>\n        <\/tr>\n        <tr>\n            <td>Unidades<\/td>\n            <td>1000,0 gramos<\/td>\n        <\/tr>\n        <tr>\n            <td>Rango de edad Descripci\u00f3n<\/td>\n            <td>12+<\/td>\n        <\/tr>\n        <tr>\n            <td>Peso del art\u00edculo<\/td>\n            <td>1 kg<\/td>\n        <\/tr>\n    <\/table>\n<\/body>\n<\/html>\t\t\t\t\t\t\t\t<\/div>\n\t\t\t\t<\/div>\n\t\t\t\t\t<\/div>\n\t\t\t\t<\/div>\n\t\t\t\t<\/div>","protected":false},"excerpt":{"rendered":"<p>Un Regalo \u00fanico para este San Valent\u00edn Demuestra lo que sientes este san Valentin por esa persona tan especial: Tarta de Ferrero Rocher y Kinder chocolate, ideal para San Valentin. Cada producto est\u00e1 cuidadosamente pensado para garantizar un regalo super original para este 14 de Febrero Una caja perfecta para regalar Sorprende a tu pareja [&hellip;]<\/p>","protected":false},"featured_media":3712,"comment_status":"open","ping_status":"closed","template":"","meta":{"_acf_changed":false},"product_brand":[],"product_cat":[35],"product_tag":[],"class_list":{"0":"post-3703","1":"product","2":"type-product","3":"status-publish","4":"has-post-thumbnail","6":"product_cat-sale","8":"first","9":"instock","10":"sale","11":"shipping-taxable","12":"purchasable","13":"product-type-variable","14":"has-default-attributes","15":"wvs-archive-product-wrapper"},"acf":[],"_links":{"self":[{"href":"https:\/\/onlytheunique.shop\/es\/wp-json\/wp\/v2\/product\/3703","targetHints":{"allow":["GET"]}}],"collection":[{"href":"https:\/\/onlytheunique.shop\/es\/wp-json\/wp\/v2\/product"}],"about":[{"href":"https:\/\/onlytheunique.shop\/es\/wp-json\/wp\/v2\/types\/product"}],"replies":[{"embeddable":true,"href":"https:\/\/onlytheunique.shop\/es\/wp-json\/wp\/v2\/comments?post=3703"}],"version-history":[{"count":0,"href":"https:\/\/onlytheunique.shop\/es\/wp-json\/wp\/v2\/product\/3703\/revisions"}],"wp:featuredmedia":[{"embeddable":true,"href":"https:\/\/onlytheunique.shop\/es\/wp-json\/wp\/v2\/media\/3712"}],"wp:attachment":[{"href":"https:\/\/onlytheunique.shop\/es\/wp-json\/wp\/v2\/media?parent=3703"}],"wp:term":[{"taxonomy":"product_brand","embeddable":true,"href":"https:\/\/onlytheunique.shop\/es\/wp-json\/wp\/v2\/product_brand?post=3703"},{"taxonomy":"product_cat","embeddable":true,"href":"https:\/\/onlytheunique.shop\/es\/wp-json\/wp\/v2\/product_cat?post=3703"},{"taxonomy":"product_tag","embeddable":true,"href":"https:\/\/onlytheunique.shop\/es\/wp-json\/wp\/v2\/product_tag?post=3703"}],"curies":[{"name":"wp","href":"https:\/\/api.w.org\/{rel}","templated":true}]}}