{"id":3890,"date":"2026-03-23T03:34:20","date_gmt":"2026-03-23T03:34:20","guid":{"rendered":"https:\/\/onlytheunique.shop\/?post_type=product&#038;p=3890"},"modified":"2026-03-23T06:07:14","modified_gmt":"2026-03-23T06:07:14","slug":"aisoon-juego-de-10-contenedores-organizadores-para-nevera-con-tapas-apilables-transparentes-y-sin-bpa-para-alimentos-bebidas-y-almacenamiento-ideal-para-la-organizacion-de-la-cocina","status":"publish","type":"product","link":"https:\/\/onlytheunique.shop\/es\/producto\/aisoon-juego-de-10-contenedores-organizadores-para-nevera-con-tapas-apilables-transparentes-y-sin-bpa-para-alimentos-bebidas-y-almacenamiento-ideal-para-la-organizacion-de-la-cocina\/","title":{"rendered":"AISOON Juego de 10 Contenedores Organizadores para Nevera con Tapas, Apilables, Transparentes y Sin BPA para Alimentos, Bebidas y Almacenamiento, Ideal para la Organizaci\u00f3n de la Cocina"},"content":{"rendered":"<div data-elementor-type=\"product-post\" data-elementor-id=\"3890\" class=\"elementor elementor-3890\" data-elementor-post-type=\"product\">\n\t\t\t\t<div class=\"elementor-element elementor-element-e297a3e e-flex e-con-boxed e-con e-parent\" data-id=\"e297a3e\" data-element_type=\"container\" data-settings=\"{&quot;ekit_has_onepagescroll_dot&quot;:&quot;yes&quot;}\">\n\t\t\t\t\t<div class=\"e-con-inner\">\n\t\t\t\t<div class=\"elementor-element elementor-element-bf6fe6f elementor-widget elementor-widget-image\" data-id=\"bf6fe6f\" data-element_type=\"widget\" data-settings=\"{&quot;ekit_we_effect_on&quot;:&quot;none&quot;}\" data-widget_type=\"image.default\">\n\t\t\t\t<div class=\"elementor-widget-container\">\n\t\t\t\t\t\t\t\t\t\t\t\t\t\t\t<img fetchpriority=\"high\" decoding=\"async\" width=\"970\" height=\"600\" src=\"https:\/\/onlytheunique.shop\/wp-content\/uploads\/2026\/03\/162d0f93-c01e-441e-a5a5-c3bc8219d1de.__CR00970600_PT0_SX970_V1___-1-5.webp\" class=\"attachment-full size-full wp-image-3921 wvs-archive-product-image\" alt=\"\" srcset=\"https:\/\/onlytheunique.shop\/wp-content\/uploads\/2026\/03\/162d0f93-c01e-441e-a5a5-c3bc8219d1de.__CR00970600_PT0_SX970_V1___-1-5.webp 970w, https:\/\/onlytheunique.shop\/wp-content\/uploads\/2026\/03\/162d0f93-c01e-441e-a5a5-c3bc8219d1de.__CR00970600_PT0_SX970_V1___-1-5-300x186.webp 300w, https:\/\/onlytheunique.shop\/wp-content\/uploads\/2026\/03\/162d0f93-c01e-441e-a5a5-c3bc8219d1de.__CR00970600_PT0_SX970_V1___-1-5-768x475.webp 768w, https:\/\/onlytheunique.shop\/wp-content\/uploads\/2026\/03\/162d0f93-c01e-441e-a5a5-c3bc8219d1de.__CR00970600_PT0_SX970_V1___-1-5-18x12.webp 18w, https:\/\/onlytheunique.shop\/wp-content\/uploads\/2026\/03\/162d0f93-c01e-441e-a5a5-c3bc8219d1de.__CR00970600_PT0_SX970_V1___-1-5-110x68.webp 110w, https:\/\/onlytheunique.shop\/wp-content\/uploads\/2026\/03\/162d0f93-c01e-441e-a5a5-c3bc8219d1de.__CR00970600_PT0_SX970_V1___-1-5-60x37.webp 60w, https:\/\/onlytheunique.shop\/wp-content\/uploads\/2026\/03\/162d0f93-c01e-441e-a5a5-c3bc8219d1de.__CR00970600_PT0_SX970_V1___-1-5-600x371.webp 600w\" sizes=\"(max-width: 970px) 100vw, 970px\" \/>\t\t\t\t\t\t\t\t\t\t\t\t\t\t\t<\/div>\n\t\t\t\t<\/div>\n\t\t\t\t\t<\/div>\n\t\t\t\t<\/div>\n\t\t<div class=\"elementor-element elementor-element-ab56ce1 e-flex e-con-boxed e-con e-parent\" data-id=\"ab56ce1\" data-element_type=\"container\" data-settings=\"{&quot;ekit_has_onepagescroll_dot&quot;:&quot;yes&quot;}\">\n\t\t\t\t\t<div class=\"e-con-inner\">\n\t\t\t\t<div class=\"elementor-element elementor-element-e0ada8c elementor-widget elementor-widget-text-editor\" data-id=\"e0ada8c\" data-element_type=\"widget\" data-settings=\"{&quot;ekit_we_effect_on&quot;:&quot;none&quot;}\" data-widget_type=\"text-editor.default\">\n\t\t\t\t<div class=\"elementor-widget-container\">\n\t\t\t\t\t\t\t\t\t<ol><li><strong>Apto para microondas y congelador<\/strong>\u00a0Recaliente f\u00e1cilmente las comidas en el microondas (basta con abrir la tapa antes de calentar) o gu\u00e1rdelas en el congelador sin preocupaciones. Perfecto para preparar comidas y mantener los alimentos frescos.<\/li><li><strong>C\u00f3modo para llevar<\/strong>\u00a0Ideales para envasar almuerzos o tentempi\u00e9s para picnics, la oficina, el colegio o los viajes. Estos recipientes son una opci\u00f3n pr\u00e1ctica para cualquier estilo de vida ajetreado.<\/li><li><strong>Dise\u00f1o apilable que ahorra espacio<\/strong>\u00a0Dise\u00f1ados para un almacenamiento eficaz, estos recipientes pueden apilarse perfectamente cuando est\u00e1n en uso y plegarse para caber en un caj\u00f3n, maximizando el espacio de almacenamiento.<\/li><li><strong>A prueba de fugas y resistente a los olores<\/strong>\u00a0Equipados con tapas herm\u00e9ticas que evitan fugas, mantienen la frescura y suprimen los olores, garantizando que su comida se mantenga segura y deliciosa.<\/li><li><strong>Materiales duraderos y seguros para la familia<\/strong>\u00a0Fabricados con avanzados materiales de PP sin BPA, estos recipientes est\u00e1n hechos para durar, al tiempo que dan prioridad a la salud y la seguridad de su familia.<\/li><\/ol>\t\t\t\t\t\t\t\t<\/div>\n\t\t\t\t<\/div>\n\t\t<div class=\"elementor-element elementor-element-35a7c70 e-grid e-con-full e-con e-child\" data-id=\"35a7c70\" data-element_type=\"container\" data-settings=\"{&quot;ekit_has_onepagescroll_dot&quot;:&quot;yes&quot;}\">\n\t\t\t\t<div class=\"elementor-element elementor-element-1c8124f elementor-widget elementor-widget-image\" data-id=\"1c8124f\" data-element_type=\"widget\" data-settings=\"{&quot;ekit_we_effect_on&quot;:&quot;none&quot;}\" data-widget_type=\"image.default\">\n\t\t\t\t<div class=\"elementor-widget-container\">\n\t\t\t\t\t\t\t\t\t\t\t\t\t\t\t<img decoding=\"async\" width=\"300\" height=\"300\" src=\"https:\/\/onlytheunique.shop\/wp-content\/uploads\/2026\/03\/0dd6f33e-472e-41d4-950b-b0ffb40f842f.__CR00300300_PT0_SX300_V1___.webp\" class=\"attachment-large size-large wp-image-3901 wvs-archive-product-image\" alt=\"\" srcset=\"https:\/\/onlytheunique.shop\/wp-content\/uploads\/2026\/03\/0dd6f33e-472e-41d4-950b-b0ffb40f842f.__CR00300300_PT0_SX300_V1___.webp 300w, https:\/\/onlytheunique.shop\/wp-content\/uploads\/2026\/03\/0dd6f33e-472e-41d4-950b-b0ffb40f842f.__CR00300300_PT0_SX300_V1___-150x150.webp 150w, https:\/\/onlytheunique.shop\/wp-content\/uploads\/2026\/03\/0dd6f33e-472e-41d4-950b-b0ffb40f842f.__CR00300300_PT0_SX300_V1___-12x12.webp 12w, https:\/\/onlytheunique.shop\/wp-content\/uploads\/2026\/03\/0dd6f33e-472e-41d4-950b-b0ffb40f842f.__CR00300300_PT0_SX300_V1___-110x110.webp 110w, https:\/\/onlytheunique.shop\/wp-content\/uploads\/2026\/03\/0dd6f33e-472e-41d4-950b-b0ffb40f842f.__CR00300300_PT0_SX300_V1___-60x60.webp 60w, https:\/\/onlytheunique.shop\/wp-content\/uploads\/2026\/03\/0dd6f33e-472e-41d4-950b-b0ffb40f842f.__CR00300300_PT0_SX300_V1___-100x100.webp 100w, https:\/\/onlytheunique.shop\/wp-content\/uploads\/2026\/03\/0dd6f33e-472e-41d4-950b-b0ffb40f842f.__CR00300300_PT0_SX300_V1___-50x50.webp 50w\" sizes=\"(max-width: 300px) 100vw, 300px\" \/>\t\t\t\t\t\t\t\t\t\t\t\t\t\t\t<\/div>\n\t\t\t\t<\/div>\n\t\t\t\t<div class=\"elementor-element elementor-element-de0b2f5 elementor-widget elementor-widget-image\" data-id=\"de0b2f5\" data-element_type=\"widget\" data-settings=\"{&quot;ekit_we_effect_on&quot;:&quot;none&quot;}\" data-widget_type=\"image.default\">\n\t\t\t\t<div class=\"elementor-widget-container\">\n\t\t\t\t\t\t\t\t\t\t\t\t\t\t\t<img decoding=\"async\" width=\"300\" height=\"300\" src=\"https:\/\/onlytheunique.shop\/wp-content\/uploads\/2026\/03\/072f0a04-b7c9-41b4-afc1-392631ffff77.__CR00300300_PT0_SX300_V1___.webp\" class=\"attachment-large size-large wp-image-3903 wvs-archive-product-image\" alt=\"\" srcset=\"https:\/\/onlytheunique.shop\/wp-content\/uploads\/2026\/03\/072f0a04-b7c9-41b4-afc1-392631ffff77.__CR00300300_PT0_SX300_V1___.webp 300w, https:\/\/onlytheunique.shop\/wp-content\/uploads\/2026\/03\/072f0a04-b7c9-41b4-afc1-392631ffff77.__CR00300300_PT0_SX300_V1___-150x150.webp 150w, https:\/\/onlytheunique.shop\/wp-content\/uploads\/2026\/03\/072f0a04-b7c9-41b4-afc1-392631ffff77.__CR00300300_PT0_SX300_V1___-12x12.webp 12w, https:\/\/onlytheunique.shop\/wp-content\/uploads\/2026\/03\/072f0a04-b7c9-41b4-afc1-392631ffff77.__CR00300300_PT0_SX300_V1___-110x110.webp 110w, https:\/\/onlytheunique.shop\/wp-content\/uploads\/2026\/03\/072f0a04-b7c9-41b4-afc1-392631ffff77.__CR00300300_PT0_SX300_V1___-60x60.webp 60w, https:\/\/onlytheunique.shop\/wp-content\/uploads\/2026\/03\/072f0a04-b7c9-41b4-afc1-392631ffff77.__CR00300300_PT0_SX300_V1___-100x100.webp 100w, https:\/\/onlytheunique.shop\/wp-content\/uploads\/2026\/03\/072f0a04-b7c9-41b4-afc1-392631ffff77.__CR00300300_PT0_SX300_V1___-50x50.webp 50w\" sizes=\"(max-width: 300px) 100vw, 300px\" \/>\t\t\t\t\t\t\t\t\t\t\t\t\t\t\t<\/div>\n\t\t\t\t<\/div>\n\t\t\t\t<div class=\"elementor-element elementor-element-87eab4b elementor-widget elementor-widget-image\" data-id=\"87eab4b\" data-element_type=\"widget\" data-settings=\"{&quot;ekit_we_effect_on&quot;:&quot;none&quot;}\" data-widget_type=\"image.default\">\n\t\t\t\t<div class=\"elementor-widget-container\">\n\t\t\t\t\t\t\t\t\t\t\t\t\t\t\t<img loading=\"lazy\" decoding=\"async\" width=\"300\" height=\"300\" src=\"https:\/\/onlytheunique.shop\/wp-content\/uploads\/2026\/03\/0c545deb-9aca-474d-aa93-06307aea4411.__CR00300300_PT0_SX300_V1___.webp\" class=\"attachment-large size-large wp-image-3904 wvs-archive-product-image\" alt=\"\" srcset=\"https:\/\/onlytheunique.shop\/wp-content\/uploads\/2026\/03\/0c545deb-9aca-474d-aa93-06307aea4411.__CR00300300_PT0_SX300_V1___.webp 300w, https:\/\/onlytheunique.shop\/wp-content\/uploads\/2026\/03\/0c545deb-9aca-474d-aa93-06307aea4411.__CR00300300_PT0_SX300_V1___-150x150.webp 150w, https:\/\/onlytheunique.shop\/wp-content\/uploads\/2026\/03\/0c545deb-9aca-474d-aa93-06307aea4411.__CR00300300_PT0_SX300_V1___-12x12.webp 12w, https:\/\/onlytheunique.shop\/wp-content\/uploads\/2026\/03\/0c545deb-9aca-474d-aa93-06307aea4411.__CR00300300_PT0_SX300_V1___-110x110.webp 110w, https:\/\/onlytheunique.shop\/wp-content\/uploads\/2026\/03\/0c545deb-9aca-474d-aa93-06307aea4411.__CR00300300_PT0_SX300_V1___-60x60.webp 60w, https:\/\/onlytheunique.shop\/wp-content\/uploads\/2026\/03\/0c545deb-9aca-474d-aa93-06307aea4411.__CR00300300_PT0_SX300_V1___-100x100.webp 100w, https:\/\/onlytheunique.shop\/wp-content\/uploads\/2026\/03\/0c545deb-9aca-474d-aa93-06307aea4411.__CR00300300_PT0_SX300_V1___-50x50.webp 50w\" sizes=\"(max-width: 300px) 100vw, 300px\" \/>\t\t\t\t\t\t\t\t\t\t\t\t\t\t\t<\/div>\n\t\t\t\t<\/div>\n\t\t\t\t<div class=\"elementor-element elementor-element-5f18769 elementor-widget elementor-widget-image\" data-id=\"5f18769\" data-element_type=\"widget\" data-settings=\"{&quot;ekit_we_effect_on&quot;:&quot;none&quot;}\" data-widget_type=\"image.default\">\n\t\t\t\t<div class=\"elementor-widget-container\">\n\t\t\t\t\t\t\t\t\t\t\t\t\t\t\t<img loading=\"lazy\" decoding=\"async\" width=\"300\" height=\"300\" src=\"https:\/\/onlytheunique.shop\/wp-content\/uploads\/2026\/03\/42ceedea-de4a-45a7-9ab7-d8497d934642.__CR00300300_PT0_SX300_V1___.webp\" class=\"attachment-large size-large wp-image-3902 wvs-archive-product-image\" alt=\"\" srcset=\"https:\/\/onlytheunique.shop\/wp-content\/uploads\/2026\/03\/42ceedea-de4a-45a7-9ab7-d8497d934642.__CR00300300_PT0_SX300_V1___.webp 300w, https:\/\/onlytheunique.shop\/wp-content\/uploads\/2026\/03\/42ceedea-de4a-45a7-9ab7-d8497d934642.__CR00300300_PT0_SX300_V1___-150x150.webp 150w, https:\/\/onlytheunique.shop\/wp-content\/uploads\/2026\/03\/42ceedea-de4a-45a7-9ab7-d8497d934642.__CR00300300_PT0_SX300_V1___-12x12.webp 12w, https:\/\/onlytheunique.shop\/wp-content\/uploads\/2026\/03\/42ceedea-de4a-45a7-9ab7-d8497d934642.__CR00300300_PT0_SX300_V1___-110x110.webp 110w, https:\/\/onlytheunique.shop\/wp-content\/uploads\/2026\/03\/42ceedea-de4a-45a7-9ab7-d8497d934642.__CR00300300_PT0_SX300_V1___-60x60.webp 60w, https:\/\/onlytheunique.shop\/wp-content\/uploads\/2026\/03\/42ceedea-de4a-45a7-9ab7-d8497d934642.__CR00300300_PT0_SX300_V1___-100x100.webp 100w, https:\/\/onlytheunique.shop\/wp-content\/uploads\/2026\/03\/42ceedea-de4a-45a7-9ab7-d8497d934642.__CR00300300_PT0_SX300_V1___-50x50.webp 50w\" sizes=\"(max-width: 300px) 100vw, 300px\" \/>\t\t\t\t\t\t\t\t\t\t\t\t\t\t\t<\/div>\n\t\t\t\t<\/div>\n\t\t\t\t<\/div>\n\t\t\t\t\t<\/div>\n\t\t\t\t<\/div>\n\t\t<div class=\"elementor-element elementor-element-c2344fe e-flex e-con-boxed e-con e-parent\" data-id=\"c2344fe\" data-element_type=\"container\" data-settings=\"{&quot;ekit_has_onepagescroll_dot&quot;:&quot;yes&quot;}\">\n\t\t\t\t\t<div class=\"e-con-inner\">\n\t\t\t\t<div class=\"elementor-element elementor-element-4084b78 elementor-widget elementor-widget-text-editor\" data-id=\"4084b78\" data-element_type=\"widget\" data-settings=\"{&quot;ekit_we_effect_on&quot;:&quot;none&quot;}\" data-widget_type=\"text-editor.default\">\n\t\t\t\t<div class=\"elementor-widget-container\">\n\t\t\t\t\t\t\t\t\t<p>Apto para microondas<br \/>Los recipientes para alimentos son aptos para microondas para recalentarlos f\u00e1cilmente. Basta con abrir la tapa antes de colocarlos en el microondas para un uso r\u00e1pido y c\u00f3modo.<\/p><p>Apto para congelador<br \/>Mantenga sus alimentos frescos guardando los recipientes en el frigor\u00edfico o el congelador, perfectos para conservar comidas e ingredientes<\/p><p>Sin BPA<br \/>Fabricado en pl\u00e1stico apto para uso alimentario y sin BPA, con una construcci\u00f3n engrosada y reforzada que garantiza su durabilidad y seguridad para el uso diario<\/p><p>Apilable y ahorra espacio<br \/>Los recipientes est\u00e1n dise\u00f1ados para anidarse unos dentro de otros cuando no se utilizan, lo que los hace perfectos para un almacenamiento organizado y que ahorre espacio.<\/p>\t\t\t\t\t\t\t\t<\/div>\n\t\t\t\t<\/div>\n\t\t\t\t<div class=\"elementor-element elementor-element-ad2a761 elementor-widget elementor-widget-image\" data-id=\"ad2a761\" data-element_type=\"widget\" data-settings=\"{&quot;ekit_we_effect_on&quot;:&quot;none&quot;}\" data-widget_type=\"image.default\">\n\t\t\t\t<div class=\"elementor-widget-container\">\n\t\t\t\t\t\t\t\t\t\t\t\t\t\t\t<img loading=\"lazy\" decoding=\"async\" width=\"970\" height=\"300\" src=\"https:\/\/onlytheunique.shop\/wp-content\/uploads\/2026\/03\/88af7be1-2f7b-4afb-84af-66c1ac5f17c6.__CR00970300_PT0_SX970_V1___.webp\" class=\"attachment-full size-full wp-image-3905 wvs-archive-product-image\" alt=\"\" srcset=\"https:\/\/onlytheunique.shop\/wp-content\/uploads\/2026\/03\/88af7be1-2f7b-4afb-84af-66c1ac5f17c6.__CR00970300_PT0_SX970_V1___.webp 970w, https:\/\/onlytheunique.shop\/wp-content\/uploads\/2026\/03\/88af7be1-2f7b-4afb-84af-66c1ac5f17c6.__CR00970300_PT0_SX970_V1___-300x93.webp 300w, https:\/\/onlytheunique.shop\/wp-content\/uploads\/2026\/03\/88af7be1-2f7b-4afb-84af-66c1ac5f17c6.__CR00970300_PT0_SX970_V1___-768x238.webp 768w, https:\/\/onlytheunique.shop\/wp-content\/uploads\/2026\/03\/88af7be1-2f7b-4afb-84af-66c1ac5f17c6.__CR00970300_PT0_SX970_V1___-18x6.webp 18w, https:\/\/onlytheunique.shop\/wp-content\/uploads\/2026\/03\/88af7be1-2f7b-4afb-84af-66c1ac5f17c6.__CR00970300_PT0_SX970_V1___-110x34.webp 110w, https:\/\/onlytheunique.shop\/wp-content\/uploads\/2026\/03\/88af7be1-2f7b-4afb-84af-66c1ac5f17c6.__CR00970300_PT0_SX970_V1___-60x19.webp 60w, https:\/\/onlytheunique.shop\/wp-content\/uploads\/2026\/03\/88af7be1-2f7b-4afb-84af-66c1ac5f17c6.__CR00970300_PT0_SX970_V1___-600x186.webp 600w\" sizes=\"(max-width: 970px) 100vw, 970px\" \/>\t\t\t\t\t\t\t\t\t\t\t\t\t\t\t<\/div>\n\t\t\t\t<\/div>\n\t\t\t\t<div class=\"elementor-element elementor-element-0c01e1e elementor-widget elementor-widget-image\" data-id=\"0c01e1e\" data-element_type=\"widget\" data-settings=\"{&quot;ekit_we_effect_on&quot;:&quot;none&quot;}\" data-widget_type=\"image.default\">\n\t\t\t\t<div class=\"elementor-widget-container\">\n\t\t\t\t\t\t\t\t\t\t\t\t\t\t\t<img loading=\"lazy\" decoding=\"async\" width=\"970\" height=\"600\" src=\"https:\/\/onlytheunique.shop\/wp-content\/uploads\/2026\/03\/68d8434b-d963-48d6-9989-4f175ec50f6b.__CR00970600_PT0_SX970_V1___.webp\" class=\"attachment-full size-full wp-image-3906 wvs-archive-product-image\" alt=\"\" srcset=\"https:\/\/onlytheunique.shop\/wp-content\/uploads\/2026\/03\/68d8434b-d963-48d6-9989-4f175ec50f6b.__CR00970600_PT0_SX970_V1___.webp 970w, https:\/\/onlytheunique.shop\/wp-content\/uploads\/2026\/03\/68d8434b-d963-48d6-9989-4f175ec50f6b.__CR00970600_PT0_SX970_V1___-300x186.webp 300w, https:\/\/onlytheunique.shop\/wp-content\/uploads\/2026\/03\/68d8434b-d963-48d6-9989-4f175ec50f6b.__CR00970600_PT0_SX970_V1___-768x475.webp 768w, https:\/\/onlytheunique.shop\/wp-content\/uploads\/2026\/03\/68d8434b-d963-48d6-9989-4f175ec50f6b.__CR00970600_PT0_SX970_V1___-18x12.webp 18w, https:\/\/onlytheunique.shop\/wp-content\/uploads\/2026\/03\/68d8434b-d963-48d6-9989-4f175ec50f6b.__CR00970600_PT0_SX970_V1___-110x68.webp 110w, https:\/\/onlytheunique.shop\/wp-content\/uploads\/2026\/03\/68d8434b-d963-48d6-9989-4f175ec50f6b.__CR00970600_PT0_SX970_V1___-60x37.webp 60w, https:\/\/onlytheunique.shop\/wp-content\/uploads\/2026\/03\/68d8434b-d963-48d6-9989-4f175ec50f6b.__CR00970600_PT0_SX970_V1___-600x371.webp 600w\" sizes=\"(max-width: 970px) 100vw, 970px\" \/>\t\t\t\t\t\t\t\t\t\t\t\t\t\t\t<\/div>\n\t\t\t\t<\/div>\n\t\t\t\t<div class=\"elementor-element elementor-element-3d6634a elementor-widget elementor-widget-image\" data-id=\"3d6634a\" data-element_type=\"widget\" data-settings=\"{&quot;ekit_we_effect_on&quot;:&quot;none&quot;}\" data-widget_type=\"image.default\">\n\t\t\t\t<div class=\"elementor-widget-container\">\n\t\t\t\t\t\t\t\t\t\t\t\t\t\t\t<img loading=\"lazy\" decoding=\"async\" width=\"970\" height=\"600\" src=\"https:\/\/onlytheunique.shop\/wp-content\/uploads\/2026\/03\/3e11f5e1-19e2-4e59-a891-6f23115c1a4a.__CR00970600_PT0_SX970_V1___.webp\" class=\"attachment-full size-full wp-image-3907 wvs-archive-product-image\" alt=\"\" srcset=\"https:\/\/onlytheunique.shop\/wp-content\/uploads\/2026\/03\/3e11f5e1-19e2-4e59-a891-6f23115c1a4a.__CR00970600_PT0_SX970_V1___.webp 970w, https:\/\/onlytheunique.shop\/wp-content\/uploads\/2026\/03\/3e11f5e1-19e2-4e59-a891-6f23115c1a4a.__CR00970600_PT0_SX970_V1___-300x186.webp 300w, https:\/\/onlytheunique.shop\/wp-content\/uploads\/2026\/03\/3e11f5e1-19e2-4e59-a891-6f23115c1a4a.__CR00970600_PT0_SX970_V1___-768x475.webp 768w, https:\/\/onlytheunique.shop\/wp-content\/uploads\/2026\/03\/3e11f5e1-19e2-4e59-a891-6f23115c1a4a.__CR00970600_PT0_SX970_V1___-18x12.webp 18w, https:\/\/onlytheunique.shop\/wp-content\/uploads\/2026\/03\/3e11f5e1-19e2-4e59-a891-6f23115c1a4a.__CR00970600_PT0_SX970_V1___-110x68.webp 110w, https:\/\/onlytheunique.shop\/wp-content\/uploads\/2026\/03\/3e11f5e1-19e2-4e59-a891-6f23115c1a4a.__CR00970600_PT0_SX970_V1___-60x37.webp 60w, https:\/\/onlytheunique.shop\/wp-content\/uploads\/2026\/03\/3e11f5e1-19e2-4e59-a891-6f23115c1a4a.__CR00970600_PT0_SX970_V1___-600x371.webp 600w\" sizes=\"(max-width: 970px) 100vw, 970px\" \/>\t\t\t\t\t\t\t\t\t\t\t\t\t\t\t<\/div>\n\t\t\t\t<\/div>\n\t\t\t\t<div class=\"elementor-element elementor-element-33f13eb elementor-widget elementor-widget-text-editor\" data-id=\"33f13eb\" data-element_type=\"widget\" data-settings=\"{&quot;ekit_we_effect_on&quot;:&quot;none&quot;}\" data-widget_type=\"text-editor.default\">\n\t\t\t\t<div class=\"elementor-widget-container\">\n\t\t\t\t\t\t\t\t\t<!DOCTYPE html>\n<html lang=\"en\">\n<head>\n<meta charset=\"UTF-8\">\n<meta name=\"viewport\" content=\"width=device-width, initial-scale=1.0\">\n<title>Technical Details<\/title>\n<style>\n  \/* \u5168\u5c40\u91cd\u7f6e\uff1a\u6d88\u9664\u9ed8\u8ba4\u6837\u5f0f\u5e72\u6270 *\/\n  * {\n    margin: 0;\n    padding: 0;\n    box-sizing: border-box;\n  }\n  \/* \u7eaf\u900f\u660e\u9875\u9762\u80cc\u666f\uff0c\u4f18\u5316\u5b57\u4f53\u8d28\u611f *\/\n  body {\n    background: transparent;\n    font-family: 'Inter', 'Segoe UI', system-ui, sans-serif;\n    -webkit-font-smoothing: antialiased;\n    padding: 20px 0;\n  }\n  \/* \u6838\u5fc3\u8868\u683c\uff1a\u6ee1\u5bbd+\u7ec6\u817b\u6392\u7248+\u9002\u914d\u957f\u53c2\u6570 *\/\n  .spec-table {\n    width: 99.5%;\n    margin: 0 auto;\n    border-collapse: collapse;\n    font-size: 14px;\n    color: #333;\n    line-height: 1.8;\n    letter-spacing: 0.1px;\n  }\n  \/* \u5185\u5bb9\u884c\uff1a\u4f4e\u900f\u660e\u5ea6\u4e0b\u5212\u7ebf\uff0c\u65e0\u5e95\u8272 *\/\n  .spec-table tr {\n    border-bottom: 1px solid rgba(210, 210, 210, 0.3);\n    transition: all 0.4s cubic-bezier(0.16, 1, 0.3, 1);\n    background: transparent;\n  }\n  \/* \u6700\u540e\u4e00\u884c\u4e0b\u5212\u7ebf\u5f3a\u5316\uff0c\u6536\u5c3e\u66f4\u5229\u843d *\/\n  .spec-table tr:last-child {\n    border-bottom: 1px solid rgba(200, 200, 200, 0.6);\n  }\n  \/* \u5355\u5143\u683c\uff1a\u4f18\u5316\u95f4\u8ddd+\u7eaf\u900f\u660e+\u9002\u914d\u957f\u53c2\u6570\u6362\u884c *\/\n  .spec-table td {\n    padding: 16px 20px;\n    text-align: left;\n    vertical-align: middle;\n    background: transparent;\n    word-break: break-word; \/* \u957f\u53c2\u6570\u81ea\u52a8\u6362\u884c\uff0c\u907f\u514d\u6ea2\u51fa *\/\n  }\n  \/* \u4e24\u5217\u5e03\u5c40\uff1a\u9002\u914d\u8d85\u957f\u53c2\u6570\u540d\uff08\u5982Recommended Uses For Product\uff09 *\/\n  .spec-table td:first-child {\n    width: 40%;\n    font-weight: 500;\n    color: #222;\n  }\n  .spec-table td:last-child {\n    width: 60%;\n    color: #555;\n  }\n  \/* hover\u4ea4\u4e92\uff1a\u8f7b\u76c8\u4f4d\u79fb+\u4e0b\u5212\u7ebf\u5fae\u4eae\uff0c\u63d0\u5347\u8d28\u611f *\/\n  .spec-table tr:hover {\n    transform: translateX(3px);\n    border-bottom-color: rgba(160, 160, 160, 0.5);\n    background: transparent !important;\n  }\n  .spec-table tr:hover td {\n    color: #171717;\n  }\n  \/* \u79fb\u52a8\u7aef\u9002\u914d\uff1a\u4f18\u5316\u95f4\u8ddd\u548c\u5217\u5bbd\uff0c\u9002\u914d\u957f\u53c2\u6570 *\/\n  @media (max-width: 768px) {\n    .spec-table {\n      width: 98%;\n      font-size: 13px;\n      line-height: 1.7;\n    }\n    .spec-table td {\n      padding: 14px 16px;\n    }\n    .spec-table td:first-child {width: 35%;}\n    .spec-table td:last-child {width: 65%;}\n    .spec-table tr:hover {transform: translateX(2px);}\n  }\n<\/style>\n<\/head>\n<body>\n\n<table class=\"spec-table\">\n  <tr>\n    <td>Dimensiones del producto<\/td>\n    <td>7\u2033L x 7\u2033A x 14\u2033H<\/td>\n  <\/tr>\n  <tr>\n    <td>Usos recomendados del producto<\/td>\n    <td>Preparaci\u00f3n de comidas<\/td>\n  <\/tr>\n  <tr>\n    <td>Caracter\u00edsticas principales<\/td>\n    <td>Dise\u00f1o apilable, reutilizable, respetuoso con el medio ambiente, material de calidad alimentaria<\/td>\n  <\/tr>\n  <tr>\n    <td>Reportaje especial<\/td>\n    <td>Herm\u00e9tico, apto para lavavajillas, duradero, resistente a las fugas, apto para microondas<\/td>\n  <\/tr>\n  <tr>\n    <td>Forma del contenedor<\/td>\n    <td>Rectangular<\/td>\n  <\/tr>\n  <tr>\n    <td>Tipo de cierre<\/td>\n    <td>Snap<\/td>\n  <\/tr>\n  <tr>\n    <td>Se puede lavar en el lavavajillas<\/td>\n    <td>S\u00ed<\/td>\n  <\/tr>\n  <tr>\n    <td>Tipo de material Libre<\/td>\n    <td>Sin BPA<\/td>\n  <\/tr>\n  <tr>\n    <td>Art\u00edculo Paquete Cantidad<\/td>\n    <td>40<\/td>\n  <\/tr>\n  <tr>\n    <td>Instrucciones para el cuidado del producto<\/td>\n    <td>Apto para microondas y lavavajillas<\/td>\n  <\/tr>\n  <tr>\n    <td>Volumen<\/td>\n    <td>85 onzas l\u00edquidas<\/td>\n  <\/tr>\n  <tr>\n    <td>Recuento de unidades<\/td>\n    <td>40,0 Recuento<\/td>\n  <\/tr>\n  <tr>\n    <td>Es apto para microondas<\/td>\n    <td>S\u00ed<\/td>\n  <\/tr>\n<\/table>\n\n<\/body>\n<\/html>\t\t\t\t\t\t\t\t<\/div>\n\t\t\t\t<\/div>\n\t\t\t\t\t<\/div>\n\t\t\t\t<\/div>\n\t\t\t\t<\/div>","protected":false},"excerpt":{"rendered":"<p>Microwave and Freezer Safe\u00a0Easily reheat meals in the microwave (simply open the lid before heating) or store them in the freezer without worry. Perfect for meal prepping and keeping food fresh. Convenient for On-the-Go\u00a0Ideal for packing lunches or snacks for picnics, office, school, or travel. These containers are a practical choice for any busy lifestyle. [&hellip;]<\/p>","protected":false},"featured_media":3891,"comment_status":"open","ping_status":"closed","template":"","meta":{"_acf_changed":false},"product_brand":[],"product_cat":[60,35],"product_tag":[],"class_list":{"0":"post-3890","1":"product","2":"type-product","3":"status-publish","4":"has-post-thumbnail","6":"product_cat-dao","7":"product_cat-sale","9":"first","10":"instock","11":"sale","12":"shipping-taxable","13":"purchasable","14":"product-type-simple"},"acf":[],"_links":{"self":[{"href":"https:\/\/onlytheunique.shop\/es\/wp-json\/wp\/v2\/product\/3890","targetHints":{"allow":["GET"]}}],"collection":[{"href":"https:\/\/onlytheunique.shop\/es\/wp-json\/wp\/v2\/product"}],"about":[{"href":"https:\/\/onlytheunique.shop\/es\/wp-json\/wp\/v2\/types\/product"}],"replies":[{"embeddable":true,"href":"https:\/\/onlytheunique.shop\/es\/wp-json\/wp\/v2\/comments?post=3890"}],"version-history":[{"count":0,"href":"https:\/\/onlytheunique.shop\/es\/wp-json\/wp\/v2\/product\/3890\/revisions"}],"wp:featuredmedia":[{"embeddable":true,"href":"https:\/\/onlytheunique.shop\/es\/wp-json\/wp\/v2\/media\/3891"}],"wp:attachment":[{"href":"https:\/\/onlytheunique.shop\/es\/wp-json\/wp\/v2\/media?parent=3890"}],"wp:term":[{"taxonomy":"product_brand","embeddable":true,"href":"https:\/\/onlytheunique.shop\/es\/wp-json\/wp\/v2\/product_brand?post=3890"},{"taxonomy":"product_cat","embeddable":true,"href":"https:\/\/onlytheunique.shop\/es\/wp-json\/wp\/v2\/product_cat?post=3890"},{"taxonomy":"product_tag","embeddable":true,"href":"https:\/\/onlytheunique.shop\/es\/wp-json\/wp\/v2\/product_tag?post=3890"}],"curies":[{"name":"wp","href":"https:\/\/api.w.org\/{rel}","templated":true}]}}