{"id":3958,"date":"2026-03-31T06:54:20","date_gmt":"2026-03-31T06:54:20","guid":{"rendered":"https:\/\/onlytheunique.shop\/?post_type=product&#038;p=3958"},"modified":"2026-03-31T07:03:02","modified_gmt":"2026-03-31T07:03:02","slug":"magnesio-complex-5-tipos-potenciados-con-camu-camu-sin-oxido-de-magnesio-max-pureza-y-absorcion-minerales-quelados-60-capsulas","status":"publish","type":"product","link":"https:\/\/onlytheunique.shop\/es\/producto\/magnesio-complex-5-tipos-potenciados-con-camu-camu-sin-oxido-de-magnesio-max-pureza-y-absorcion-minerales-quelados-60-capsulas\/","title":{"rendered":"Magnesio Complex | 5 Tipos potenciados con Camu Camu, sin \u00d3xido de Magnesio | Max pureza y absorci\u00f3n | Minerales Quelados | 60 c\u00e1psulas"},"content":{"rendered":"<div data-elementor-type=\"product-post\" data-elementor-id=\"3958\" class=\"elementor elementor-3958\" data-elementor-post-type=\"product\">\n\t\t\t\t<div class=\"elementor-element elementor-element-47b9ebed e-flex e-con-boxed e-con e-parent\" data-id=\"47b9ebed\" data-element_type=\"container\" data-settings=\"{&quot;ekit_has_onepagescroll_dot&quot;:&quot;yes&quot;}\">\n\t\t\t\t\t<div class=\"e-con-inner\">\n\t\t<div class=\"elementor-element elementor-element-73739f36 e-con-full e-flex e-con e-child\" data-id=\"73739f36\" data-element_type=\"container\" data-settings=\"{&quot;ekit_has_onepagescroll_dot&quot;:&quot;yes&quot;}\">\n\t\t\t\t<div class=\"elementor-element elementor-element-4e964ee1 elementor-widget elementor-widget-video\" data-id=\"4e964ee1\" data-element_type=\"widget\" data-settings=\"{&quot;video_type&quot;:&quot;hosted&quot;,&quot;controls&quot;:&quot;yes&quot;,&quot;ekit_we_effect_on&quot;:&quot;none&quot;}\" data-widget_type=\"video.default\">\n\t\t\t\t<div class=\"elementor-widget-container\">\n\t\t\t\t\t\t\t<div class=\"e-hosted-video elementor-wrapper elementor-open-inline\">\n\t\t\t\t\t<video class=\"elementor-video\" src=\"https:\/\/onlytheunique.shop\/wp-content\/uploads\/2026\/03\/video_2026-02-09_21-47-34.mp4\" controls=\"\" preload=\"metadata\" controlslist=\"nodownload\"><\/video>\n\t\t\t\t<\/div>\n\t\t\t\t\t\t<\/div>\n\t\t\t\t<\/div>\n\t\t\t\t<div class=\"elementor-element elementor-element-2de9f731 elementor-widget elementor-widget-text-editor\" data-id=\"2de9f731\" data-element_type=\"widget\" data-settings=\"{&quot;ekit_we_effect_on&quot;:&quot;none&quot;}\" data-widget_type=\"text-editor.default\">\n\t\t\t\t<div class=\"elementor-widget-container\">\n\t\t\t\t\t\t\t\t\t<!DOCTYPE html>\n<html lang=\"es\">\n<head>\n    <meta charset=\"UTF-8\">\n    <meta name=\"viewport\" content=\"width=device-width, initial-scale=1.0\">\n    <title>Informaci\u00f3n del Producto<\/title>\n    <style>\n        * {\n            margin: 0;\n            padding: 0;\n            box-sizing: border-box;\n        }\n        \n        body {\n            font-family: -apple-system, BlinkMacSystemFont, 'Segoe UI', Roboto, sans-serif;\n            background-color: #f8f9fa;\n            color: #333;\n            line-height: 1.5;\n            padding: 16px;\n        }\n        \n        .product-container {\n            max-width: 800px;\n            margin: 0 auto;\n            background-color: #fff;\n            border-radius: 12px;\n            overflow: hidden;\n            box-shadow: 0 2px 12px rgba(0,0,0,0.08);\n        }\n        \n        .product-table {\n            width: 100%;\n        }\n        \n        .product-row {\n            display: flex;\n            border-bottom: 1px solid #e2e8f0;\n            min-height: 56px;\n            align-items: center;\n        }\n        \n        .product-row:last-child {\n            border-bottom: none;\n        }\n        \n        .product-label {\n            font-weight: 600;\n            color: #2d3748;\n            padding: 16px;\n            width: 45%;\n            font-size: 15px;\n            background-color: #fafafa;\n        }\n        \n        .product-value {\n            padding: 16px;\n            width: 55%;\n            font-size: 15px;\n            color: #4a5568;\n        }\n        \n        \/* Desktop *\/\n        @media (min-width: 768px) {\n            body {\n                padding: 24px;\n            }\n            \n            .product-container {\n                border-radius: 16px;\n                box-shadow: 0 4px 20px rgba(0,0,0,0.1);\n            }\n            \n            .product-label, .product-value {\n                padding: 18px 24px;\n                font-size: 16px;\n            }\n            \n            .product-label {\n                width: 40%;\n            }\n            \n            .product-value {\n                width: 60%;\n            }\n        }\n        \n        \/* Mobile small screens *\/\n        @media (max-width: 480px) {\n            .product-row {\n                flex-direction: column;\n                align-items: flex-start;\n                padding: 12px 16px;\n                min-height: auto;\n            }\n            \n            .product-label, .product-value {\n                width: 100%;\n                padding: 6px 0;\n            }\n            \n            .product-label {\n                background-color: transparent;\n                font-weight: 700;\n                padding-top: 0;\n            }\n            \n            .product-value {\n                padding-bottom: 8px;\n                color: #5a6c7d;\n            }\n        }\n        \n        \/* Dark mode *\/\n        @media (prefers-color-scheme: dark) {\n            body {\n                background-color: #1a202c;\n                color: #e2e8f0;\n            }\n            \n            .product-container {\n                background-color: #2d3748;\n                box-shadow: 0 2px 12px rgba(0,0,0,0.3);\n            }\n            \n            .product-row {\n                border-bottom-color: #4a5568;\n            }\n            \n            .product-label {\n                color: #cbd5e0;\n                background-color: #343f52;\n            }\n            \n            .product-value {\n                color: #a0aec0;\n            }\n        }\n    <\/style>\n<\/head>\n<body>\n    <div class=\"product-container\">\n        <div class=\"product-table\">\n            <div class=\"product-row\">\n                <div class=\"product-label\">Informaci\u00f3n sobre el producto<\/div>\n                <div class=\"product-value\"><\/div>\n            <\/div>\n            <div class=\"product-row\">\n                <div class=\"product-label\">Especificaciones t\u00e9cnicas<\/div>\n                <div class=\"product-value\"><\/div>\n            <\/div>\n            <div class=\"product-row\">\n                <div class=\"product-label\">Informaci\u00f3n general<\/div>\n                <div class=\"product-value\"><\/div>\n            <\/div>\n        <\/div>\n    <\/div>\n<\/body>\n<\/html>\t\t\t\t\t\t\t\t<\/div>\n\t\t\t\t<\/div>\n\t\t\t\t<\/div>\n\t\t<div class=\"elementor-element elementor-element-39a03d0b e-con-full e-flex e-con e-child\" data-id=\"39a03d0b\" data-element_type=\"container\" data-settings=\"{&quot;ekit_has_onepagescroll_dot&quot;:&quot;yes&quot;}\">\n\t\t\t\t<div class=\"elementor-element elementor-element-477b3016 elementor-widget elementor-widget-text-editor\" data-id=\"477b3016\" data-element_type=\"widget\" data-settings=\"{&quot;ekit_we_effect_on&quot;:&quot;none&quot;}\" data-widget_type=\"text-editor.default\">\n\t\t\t\t<div class=\"elementor-widget-container\">\n\t\t\t\t\t\t\t\t\t<!DOCTYPE html>\n<html lang=\"es\">\n<head>\n    <meta charset=\"UTF-8\">\n    <meta name=\"viewport\" content=\"width=device-width, initial-scale=1.0\">\n    <title>Detalles del Producto<\/title>\n    <style>\n        * {\n            margin: 0;\n            padding: 0;\n            box-sizing: border-box;\n        }\n        \n        body {\n            font-family: -apple-system, BlinkMacSystemFont, 'Segoe UI', Roboto, sans-serif;\n            background-color: #f8f9fa;\n            color: #333;\n            line-height: 1.5;\n            padding: 16px;\n        }\n        \n        .product-container {\n            max-width: 800px;\n            margin: 0 auto;\n            background-color: #fff;\n            border-radius: 12px;\n            overflow: hidden;\n            box-shadow: 0 2px 12px rgba(0,0,0,0.08);\n        }\n        \n        .product-table {\n            width: 100%;\n        }\n        \n        .product-row {\n            display: flex;\n            border-bottom: 1px solid #e2e8f0;\n            min-height: 56px;\n            align-items: center;\n        }\n        \n        .product-row:last-child {\n            border-bottom: none;\n        }\n        \n        .product-label {\n            font-weight: 600;\n            color: #2d3748;\n            padding: 16px;\n            width: 45%;\n            font-size: 15px;\n            background-color: #fafafa;\n        }\n        \n        .product-value {\n            padding: 16px;\n            width: 55%;\n            font-size: 15px;\n            color: #4a5568;\n        }\n        \n        \/* Desktop *\/\n        @media (min-width: 768px) {\n            body {\n                padding: 24px;\n            }\n            \n            .product-container {\n                border-radius: 16px;\n                box-shadow: 0 4px 20px rgba(0,0,0,0.1);\n            }\n            \n            .product-label, .product-value {\n                padding: 18px 24px;\n                font-size: 16px;\n            }\n            \n            .product-label {\n                width: 40%;\n            }\n            \n            .product-value {\n                width: 60%;\n            }\n        }\n        \n        \/* Mobile small screens *\/\n        @media (max-width: 480px) {\n            .product-row {\n                flex-direction: column;\n                align-items: flex-start;\n                padding: 12px 16px;\n                min-height: auto;\n            }\n            \n            .product-label, .product-value {\n                width: 100%;\n                padding: 6px 0;\n            }\n            \n            .product-label {\n                background-color: transparent;\n                font-weight: 700;\n                padding-top: 0;\n            }\n            \n            .product-value {\n                padding-bottom: 8px;\n                color: #5a6c7d;\n            }\n        }\n        \n        \/* Dark mode *\/\n        @media (prefers-color-scheme: dark) {\n            body {\n                background-color: #1a202c;\n                color: #e2e8f0;\n            }\n            \n            .product-container {\n                background-color: #2d3748;\n                box-shadow: 0 2px 12px rgba(0,0,0,0.3);\n            }\n            \n            .product-row {\n                border-bottom-color: #4a5568;\n            }\n            \n            .product-label {\n                color: #cbd5e0;\n                background-color: #343f52;\n            }\n            \n            .product-value {\n                color: #a0aec0;\n            }\n        }\n    <\/style>\n<\/head>\n<body>\n    <div class=\"product-container\">\n        <div class=\"product-table\">\n            <div class=\"product-row\">\n                <div class=\"product-label\">Aditivos<\/div>\n                <div class=\"product-value\">Origen Natural<\/div>\n            <\/div>\n            <div class=\"product-row\">\n                <div class=\"product-label\">Al\u00e9rgenos<\/div>\n                <div class=\"product-value\">Sin gluten<\/div>\n            <\/div>\n            <div class=\"product-row\">\n                <div class=\"product-label\">Unidades<\/div>\n                <div class=\"product-value\">190 unidad<\/div>\n            <\/div>\n            <div class=\"product-row\">\n                <div class=\"product-label\">Recomendaciones de preparaci\u00f3n<\/div>\n                <div class=\"product-value\">1 c\u00e1psula al d\u00eda de preferencia con alimentos<\/div>\n            <\/div>\n            <div class=\"product-row\">\n                <div class=\"product-label\">Marca<\/div>\n                <div class=\"product-value\">OBY<\/div>\n            <\/div>\n            <div class=\"product-row\">\n                <div class=\"product-label\">Formato<\/div>\n                <div class=\"product-value\">C\u00e1psula<\/div>\n            <\/div>\n            <div class=\"product-row\">\n                <div class=\"product-label\">Descripci\u00f3n del rango de edad<\/div>\n                <div class=\"product-value\">Adulto<\/div>\n            <\/div>\n        <\/div>\n    <\/div>\n<\/body>\n<\/html>\t\t\t\t\t\t\t\t<\/div>\n\t\t\t\t<\/div>\n\t\t\t\t<\/div>\n\t\t\t\t\t<\/div>\n\t\t\t\t<\/div>\n\t\t<div class=\"elementor-element elementor-element-58b256c6 e-flex e-con-boxed e-con e-parent\" data-id=\"58b256c6\" data-element_type=\"container\" data-settings=\"{&quot;ekit_has_onepagescroll_dot&quot;:&quot;yes&quot;}\">\n\t\t\t\t\t<div class=\"e-con-inner\">\n\t\t\t\t<div class=\"elementor-element elementor-element-50f844c9 elementor-widget elementor-widget-text-editor\" data-id=\"50f844c9\" data-element_type=\"widget\" data-settings=\"{&quot;ekit_we_effect_on&quot;:&quot;none&quot;}\" data-widget_type=\"text-editor.default\">\n\t\t\t\t<div class=\"elementor-widget-container\">\n\t\t\t\t\t\t\t\t\t<h1 class=\"a-text-center aplus-container-3 aplus-h1 a-text-bold\" style=\"text-align: center;\">INGREDIENTES DE CALIDAD PREMIUM<\/h1>\t\t\t\t\t\t\t\t<\/div>\n\t\t\t\t<\/div>\n\t\t\t\t<div class=\"elementor-element elementor-element-45562988 elementor-widget elementor-widget-image\" data-id=\"45562988\" data-element_type=\"widget\" data-settings=\"{&quot;ekit_we_effect_on&quot;:&quot;none&quot;}\" data-widget_type=\"image.default\">\n\t\t\t\t<div class=\"elementor-widget-container\">\n\t\t\t\t\t\t\t\t\t\t\t\t\t\t\t<img fetchpriority=\"high\" decoding=\"async\" width=\"1464\" height=\"600\" src=\"https:\/\/onlytheunique.shop\/wp-content\/uploads\/2026\/03\/0e88a68b-e365-4be7-bd2d-702c9efdb418.__CR0721500615_PT0_SX1464_V1___.jpg\" class=\"attachment-full size-full wp-image-3972 wvs-archive-product-image\" alt=\"\" srcset=\"https:\/\/onlytheunique.shop\/wp-content\/uploads\/2026\/03\/0e88a68b-e365-4be7-bd2d-702c9efdb418.__CR0721500615_PT0_SX1464_V1___.jpg 1464w, https:\/\/onlytheunique.shop\/wp-content\/uploads\/2026\/03\/0e88a68b-e365-4be7-bd2d-702c9efdb418.__CR0721500615_PT0_SX1464_V1___-300x123.jpg 300w, https:\/\/onlytheunique.shop\/wp-content\/uploads\/2026\/03\/0e88a68b-e365-4be7-bd2d-702c9efdb418.__CR0721500615_PT0_SX1464_V1___-1024x420.jpg 1024w, https:\/\/onlytheunique.shop\/wp-content\/uploads\/2026\/03\/0e88a68b-e365-4be7-bd2d-702c9efdb418.__CR0721500615_PT0_SX1464_V1___-768x315.jpg 768w, https:\/\/onlytheunique.shop\/wp-content\/uploads\/2026\/03\/0e88a68b-e365-4be7-bd2d-702c9efdb418.__CR0721500615_PT0_SX1464_V1___-18x7.jpg 18w, https:\/\/onlytheunique.shop\/wp-content\/uploads\/2026\/03\/0e88a68b-e365-4be7-bd2d-702c9efdb418.__CR0721500615_PT0_SX1464_V1___-110x45.jpg 110w, https:\/\/onlytheunique.shop\/wp-content\/uploads\/2026\/03\/0e88a68b-e365-4be7-bd2d-702c9efdb418.__CR0721500615_PT0_SX1464_V1___-60x25.jpg 60w, https:\/\/onlytheunique.shop\/wp-content\/uploads\/2026\/03\/0e88a68b-e365-4be7-bd2d-702c9efdb418.__CR0721500615_PT0_SX1464_V1___-600x246.jpg 600w\" sizes=\"(max-width: 1464px) 100vw, 1464px\" \/>\t\t\t\t\t\t\t\t\t\t\t\t\t\t\t<\/div>\n\t\t\t\t<\/div>\n\t\t\t\t<div class=\"elementor-element elementor-element-15166848 elementor-widget elementor-widget-image\" data-id=\"15166848\" data-element_type=\"widget\" data-settings=\"{&quot;ekit_we_effect_on&quot;:&quot;none&quot;}\" data-widget_type=\"image.default\">\n\t\t\t\t<div class=\"elementor-widget-container\">\n\t\t\t\t\t\t\t\t\t\t\t\t\t\t\t<img decoding=\"async\" width=\"1464\" height=\"600\" src=\"https:\/\/onlytheunique.shop\/wp-content\/uploads\/2026\/03\/6ac53f0f-479e-4869-87bd-0cf9dcecd885.__CR1801464600_PT0_SX1464_V1___.jpg\" class=\"attachment-full size-full wp-image-3973 wvs-archive-product-image\" alt=\"\" srcset=\"https:\/\/onlytheunique.shop\/wp-content\/uploads\/2026\/03\/6ac53f0f-479e-4869-87bd-0cf9dcecd885.__CR1801464600_PT0_SX1464_V1___.jpg 1464w, https:\/\/onlytheunique.shop\/wp-content\/uploads\/2026\/03\/6ac53f0f-479e-4869-87bd-0cf9dcecd885.__CR1801464600_PT0_SX1464_V1___-300x123.jpg 300w, https:\/\/onlytheunique.shop\/wp-content\/uploads\/2026\/03\/6ac53f0f-479e-4869-87bd-0cf9dcecd885.__CR1801464600_PT0_SX1464_V1___-1024x420.jpg 1024w, https:\/\/onlytheunique.shop\/wp-content\/uploads\/2026\/03\/6ac53f0f-479e-4869-87bd-0cf9dcecd885.__CR1801464600_PT0_SX1464_V1___-768x315.jpg 768w, https:\/\/onlytheunique.shop\/wp-content\/uploads\/2026\/03\/6ac53f0f-479e-4869-87bd-0cf9dcecd885.__CR1801464600_PT0_SX1464_V1___-18x7.jpg 18w, https:\/\/onlytheunique.shop\/wp-content\/uploads\/2026\/03\/6ac53f0f-479e-4869-87bd-0cf9dcecd885.__CR1801464600_PT0_SX1464_V1___-110x45.jpg 110w, https:\/\/onlytheunique.shop\/wp-content\/uploads\/2026\/03\/6ac53f0f-479e-4869-87bd-0cf9dcecd885.__CR1801464600_PT0_SX1464_V1___-60x25.jpg 60w, https:\/\/onlytheunique.shop\/wp-content\/uploads\/2026\/03\/6ac53f0f-479e-4869-87bd-0cf9dcecd885.__CR1801464600_PT0_SX1464_V1___-600x246.jpg 600w\" sizes=\"(max-width: 1464px) 100vw, 1464px\" \/>\t\t\t\t\t\t\t\t\t\t\t\t\t\t\t<\/div>\n\t\t\t\t<\/div>\n\t\t\t\t<div class=\"elementor-element elementor-element-374ab6b elementor-widget elementor-widget-image\" data-id=\"374ab6b\" data-element_type=\"widget\" data-settings=\"{&quot;ekit_we_effect_on&quot;:&quot;none&quot;}\" data-widget_type=\"image.default\">\n\t\t\t\t<div class=\"elementor-widget-container\">\n\t\t\t\t\t\t\t\t\t\t\t\t\t\t\t<img decoding=\"async\" width=\"1464\" height=\"600\" src=\"https:\/\/onlytheunique.shop\/wp-content\/uploads\/2026\/03\/9af7f96f-304a-4d02-95d6-b4d57ede8990.__CR1801464600_PT0_SX1464_V1___.jpg\" class=\"attachment-full size-full wp-image-3974 wvs-archive-product-image\" alt=\"\" srcset=\"https:\/\/onlytheunique.shop\/wp-content\/uploads\/2026\/03\/9af7f96f-304a-4d02-95d6-b4d57ede8990.__CR1801464600_PT0_SX1464_V1___.jpg 1464w, https:\/\/onlytheunique.shop\/wp-content\/uploads\/2026\/03\/9af7f96f-304a-4d02-95d6-b4d57ede8990.__CR1801464600_PT0_SX1464_V1___-300x123.jpg 300w, https:\/\/onlytheunique.shop\/wp-content\/uploads\/2026\/03\/9af7f96f-304a-4d02-95d6-b4d57ede8990.__CR1801464600_PT0_SX1464_V1___-1024x420.jpg 1024w, https:\/\/onlytheunique.shop\/wp-content\/uploads\/2026\/03\/9af7f96f-304a-4d02-95d6-b4d57ede8990.__CR1801464600_PT0_SX1464_V1___-768x315.jpg 768w, https:\/\/onlytheunique.shop\/wp-content\/uploads\/2026\/03\/9af7f96f-304a-4d02-95d6-b4d57ede8990.__CR1801464600_PT0_SX1464_V1___-18x7.jpg 18w, https:\/\/onlytheunique.shop\/wp-content\/uploads\/2026\/03\/9af7f96f-304a-4d02-95d6-b4d57ede8990.__CR1801464600_PT0_SX1464_V1___-110x45.jpg 110w, https:\/\/onlytheunique.shop\/wp-content\/uploads\/2026\/03\/9af7f96f-304a-4d02-95d6-b4d57ede8990.__CR1801464600_PT0_SX1464_V1___-60x25.jpg 60w, https:\/\/onlytheunique.shop\/wp-content\/uploads\/2026\/03\/9af7f96f-304a-4d02-95d6-b4d57ede8990.__CR1801464600_PT0_SX1464_V1___-600x246.jpg 600w\" sizes=\"(max-width: 1464px) 100vw, 1464px\" \/>\t\t\t\t\t\t\t\t\t\t\t\t\t\t\t<\/div>\n\t\t\t\t<\/div>\n\t\t\t\t<div class=\"elementor-element elementor-element-2ff702ff elementor-widget elementor-widget-text-editor\" data-id=\"2ff702ff\" data-element_type=\"widget\" data-settings=\"{&quot;ekit_we_effect_on&quot;:&quot;none&quot;}\" data-widget_type=\"text-editor.default\">\n\t\t\t\t<div class=\"elementor-widget-container\">\n\t\t\t\t\t\t\t\t\t<h1 class=\"a-text-center aplus-container-3 aplus-h1 a-text-bold\" style=\"text-align: center;\">OBY es una marca integral de Wellness<\/h1>\t\t\t\t\t\t\t\t<\/div>\n\t\t\t\t<\/div>\n\t\t\t\t<div class=\"elementor-element elementor-element-dee1ce2 elementor-widget elementor-widget-image\" data-id=\"dee1ce2\" data-element_type=\"widget\" data-settings=\"{&quot;ekit_we_effect_on&quot;:&quot;none&quot;}\" data-widget_type=\"image.default\">\n\t\t\t\t<div class=\"elementor-widget-container\">\n\t\t\t\t\t\t\t\t\t\t\t\t\t\t\t<img loading=\"lazy\" decoding=\"async\" width=\"1464\" height=\"600\" src=\"https:\/\/onlytheunique.shop\/wp-content\/uploads\/2026\/03\/52580a63-cc7f-4b5c-b5bf-a7e69c1f01cc.__CR1801464600_PT0_SX1464_V1___.jpg\" class=\"attachment-full size-full wp-image-3975 wvs-archive-product-image\" alt=\"\" srcset=\"https:\/\/onlytheunique.shop\/wp-content\/uploads\/2026\/03\/52580a63-cc7f-4b5c-b5bf-a7e69c1f01cc.__CR1801464600_PT0_SX1464_V1___.jpg 1464w, https:\/\/onlytheunique.shop\/wp-content\/uploads\/2026\/03\/52580a63-cc7f-4b5c-b5bf-a7e69c1f01cc.__CR1801464600_PT0_SX1464_V1___-300x123.jpg 300w, https:\/\/onlytheunique.shop\/wp-content\/uploads\/2026\/03\/52580a63-cc7f-4b5c-b5bf-a7e69c1f01cc.__CR1801464600_PT0_SX1464_V1___-1024x420.jpg 1024w, https:\/\/onlytheunique.shop\/wp-content\/uploads\/2026\/03\/52580a63-cc7f-4b5c-b5bf-a7e69c1f01cc.__CR1801464600_PT0_SX1464_V1___-768x315.jpg 768w, https:\/\/onlytheunique.shop\/wp-content\/uploads\/2026\/03\/52580a63-cc7f-4b5c-b5bf-a7e69c1f01cc.__CR1801464600_PT0_SX1464_V1___-18x7.jpg 18w, https:\/\/onlytheunique.shop\/wp-content\/uploads\/2026\/03\/52580a63-cc7f-4b5c-b5bf-a7e69c1f01cc.__CR1801464600_PT0_SX1464_V1___-110x45.jpg 110w, https:\/\/onlytheunique.shop\/wp-content\/uploads\/2026\/03\/52580a63-cc7f-4b5c-b5bf-a7e69c1f01cc.__CR1801464600_PT0_SX1464_V1___-60x25.jpg 60w, https:\/\/onlytheunique.shop\/wp-content\/uploads\/2026\/03\/52580a63-cc7f-4b5c-b5bf-a7e69c1f01cc.__CR1801464600_PT0_SX1464_V1___-600x246.jpg 600w\" sizes=\"(max-width: 1464px) 100vw, 1464px\" \/>\t\t\t\t\t\t\t\t\t\t\t\t\t\t\t<\/div>\n\t\t\t\t<\/div>\n\t\t\t\t<div class=\"elementor-element elementor-element-115b8d13 elementor-widget elementor-widget-text-editor\" data-id=\"115b8d13\" data-element_type=\"widget\" data-settings=\"{&quot;ekit_we_effect_on&quot;:&quot;none&quot;}\" data-widget_type=\"text-editor.default\">\n\t\t\t\t<div class=\"elementor-widget-container\">\n\t\t\t\t\t\t\t\t\t<p style=\"text-align: center;\">Suplementos alimenticios y cuidado personal en quien puedes confiar.<\/p>\t\t\t\t\t\t\t\t<\/div>\n\t\t\t\t<\/div>\n\t\t\t\t\t<\/div>\n\t\t\t\t<\/div>\n\t\t\t\t<\/div>","protected":false},"excerpt":{"rendered":"<h1 class=\"a-size-base-plus a-text-bold\">Acerca de este art\u00edculo<\/h1>\n<div class=\"mt-4\" data-v-1233f838=\"\">\n<p class=\"ds-markdown-paragraph\"><strong>5 magnesios en 1 c\u00e1psula:<\/strong>\u00a0Citrato, bisglicinato, treonato, gluconato y taurato vegano. Minerales quelados sin rellenos.<\/p>\n<p class=\"ds-markdown-paragraph\"><strong>F\u00f3rmula cient\u00edfica:<\/strong>\u00a0Calidad premium para m\u00e1xima seguridad.<\/p>\n<p class=\"ds-markdown-paragraph\"><strong>Sinergia:<\/strong>\u00a0Camu camu (vitamina C) y D3 optimizan absorci\u00f3n. Minerales quelados.<\/p>\n<p class=\"ds-markdown-paragraph\"><strong>Sin al\u00e9rgenos:<\/strong>\u00a0Libre de az\u00facar, soya, gluten, lactosa y colorantes.<\/p>\n<p class=\"ds-markdown-paragraph\"><strong>Vegano:<\/strong>\u00a065 c\u00e1psulas de 760mg sin rellenos.<\/p>\n<p class=\"ds-markdown-paragraph\"><strong>Uso f\u00e1cil:<\/strong>\u00a01-2 c\u00e1psulas diarias con alimentos seg\u00fan necesidad.<\/p>\n<p class=\"ds-markdown-paragraph\"><strong>Seguro:<\/strong>\u00a0Sello herm\u00e9tico y tapa de seguridad.<\/p>\n<p class=\"ds-markdown-paragraph\"><strong>Sin \u00f3xido:<\/strong>\u00a0Solo magnesios altamente absorbibles para mejor eficacia.<\/p>\n<\/div>","protected":false},"featured_media":3961,"comment_status":"open","ping_status":"closed","template":"","meta":{"_acf_changed":false},"product_brand":[],"product_cat":[35],"product_tag":[],"class_list":{"0":"post-3958","1":"product","2":"type-product","3":"status-publish","4":"has-post-thumbnail","6":"product_cat-sale","8":"first","9":"instock","10":"sale","11":"shipping-taxable","12":"purchasable","13":"product-type-variable","14":"has-default-attributes","15":"wvs-archive-product-wrapper"},"acf":[],"_links":{"self":[{"href":"https:\/\/onlytheunique.shop\/es\/wp-json\/wp\/v2\/product\/3958","targetHints":{"allow":["GET"]}}],"collection":[{"href":"https:\/\/onlytheunique.shop\/es\/wp-json\/wp\/v2\/product"}],"about":[{"href":"https:\/\/onlytheunique.shop\/es\/wp-json\/wp\/v2\/types\/product"}],"replies":[{"embeddable":true,"href":"https:\/\/onlytheunique.shop\/es\/wp-json\/wp\/v2\/comments?post=3958"}],"version-history":[{"count":0,"href":"https:\/\/onlytheunique.shop\/es\/wp-json\/wp\/v2\/product\/3958\/revisions"}],"wp:featuredmedia":[{"embeddable":true,"href":"https:\/\/onlytheunique.shop\/es\/wp-json\/wp\/v2\/media\/3961"}],"wp:attachment":[{"href":"https:\/\/onlytheunique.shop\/es\/wp-json\/wp\/v2\/media?parent=3958"}],"wp:term":[{"taxonomy":"product_brand","embeddable":true,"href":"https:\/\/onlytheunique.shop\/es\/wp-json\/wp\/v2\/product_brand?post=3958"},{"taxonomy":"product_cat","embeddable":true,"href":"https:\/\/onlytheunique.shop\/es\/wp-json\/wp\/v2\/product_cat?post=3958"},{"taxonomy":"product_tag","embeddable":true,"href":"https:\/\/onlytheunique.shop\/es\/wp-json\/wp\/v2\/product_tag?post=3958"}],"curies":[{"name":"wp","href":"https:\/\/api.w.org\/{rel}","templated":true}]}}