{"id":4021,"date":"2026-04-08T01:42:26","date_gmt":"2026-04-08T01:42:26","guid":{"rendered":"https:\/\/onlytheunique.shop\/?post_type=product&#038;p=4021"},"modified":"2026-04-08T01:49:41","modified_gmt":"2026-04-08T01:49:41","slug":"lote-mini-jamon-curado-minijamonero-cuchillo-1-jamon-espana","status":"publish","type":"product","link":"https:\/\/onlytheunique.shop\/es\/producto\/lote-mini-jamon-curado-minijamonero-cuchillo-1-jamon-espana\/","title":{"rendered":"Lote Mini Jam\u00f3n Curado + Minijamonero + Cuchillo 1 jamon Espa\u00f1a."},"content":{"rendered":"<div data-elementor-type=\"product-post\" data-elementor-id=\"4021\" class=\"elementor elementor-4021\" data-elementor-post-type=\"product\">\n\t\t\t\t<div class=\"elementor-element elementor-element-72ec6ead e-flex e-con-boxed e-con e-parent\" data-id=\"72ec6ead\" data-element_type=\"container\" data-settings=\"{&quot;ekit_has_onepagescroll_dot&quot;:&quot;yes&quot;}\">\n\t\t\t\t\t<div class=\"e-con-inner\">\n\t\t\t\t<div class=\"elementor-element elementor-element-4103409f elementor-widget elementor-widget-image\" data-id=\"4103409f\" data-element_type=\"widget\" data-settings=\"{&quot;ekit_we_effect_on&quot;:&quot;none&quot;}\" data-widget_type=\"image.default\">\n\t\t\t\t<div class=\"elementor-widget-container\">\n\t\t\t\t\t\t\t\t\t\t\t\t\t\t\t<img fetchpriority=\"high\" decoding=\"async\" width=\"1500\" height=\"1500\" src=\"https:\/\/onlytheunique.shop\/wp-content\/uploads\/2026\/04\/8428204007489-1-17.jpg\" class=\"attachment-full size-full wp-image-4029 wvs-archive-product-image\" alt=\"\" srcset=\"https:\/\/onlytheunique.shop\/wp-content\/uploads\/2026\/04\/8428204007489-1-17.jpg 1500w, https:\/\/onlytheunique.shop\/wp-content\/uploads\/2026\/04\/8428204007489-1-17-300x300.jpg 300w, https:\/\/onlytheunique.shop\/wp-content\/uploads\/2026\/04\/8428204007489-1-17-1024x1024.jpg 1024w, https:\/\/onlytheunique.shop\/wp-content\/uploads\/2026\/04\/8428204007489-1-17-150x150.jpg 150w, https:\/\/onlytheunique.shop\/wp-content\/uploads\/2026\/04\/8428204007489-1-17-768x768.jpg 768w, https:\/\/onlytheunique.shop\/wp-content\/uploads\/2026\/04\/8428204007489-1-17-12x12.jpg 12w, https:\/\/onlytheunique.shop\/wp-content\/uploads\/2026\/04\/8428204007489-1-17-110x110.jpg 110w, https:\/\/onlytheunique.shop\/wp-content\/uploads\/2026\/04\/8428204007489-1-17-60x60.jpg 60w, https:\/\/onlytheunique.shop\/wp-content\/uploads\/2026\/04\/8428204007489-1-17-600x600.jpg 600w, https:\/\/onlytheunique.shop\/wp-content\/uploads\/2026\/04\/8428204007489-1-17-100x100.jpg 100w, https:\/\/onlytheunique.shop\/wp-content\/uploads\/2026\/04\/8428204007489-1-17-50x50.jpg 50w\" sizes=\"(max-width: 1500px) 100vw, 1500px\" \/>\t\t\t\t\t\t\t\t\t\t\t\t\t\t\t<\/div>\n\t\t\t\t<\/div>\n\t\t\t\t<div class=\"elementor-element elementor-element-50d9d7b8 elementor-widget elementor-widget-heading\" data-id=\"50d9d7b8\" data-element_type=\"widget\" data-settings=\"{&quot;ekit_we_effect_on&quot;:&quot;none&quot;}\" data-widget_type=\"heading.default\">\n\t\t\t\t<div class=\"elementor-widget-container\">\n\t\t\t\t\t<h2 class=\"elementor-heading-title elementor-size-default\">Mini Jam\u00f3n Curado con pack de accesorios<\/h2>\t\t\t\t<\/div>\n\t\t\t\t<\/div>\n\t\t\t\t<div class=\"elementor-element elementor-element-2d32cffe elementor-widget elementor-widget-text-editor\" data-id=\"2d32cffe\" data-element_type=\"widget\" data-settings=\"{&quot;ekit_we_effect_on&quot;:&quot;none&quot;}\" data-widget_type=\"text-editor.default\">\n\t\t\t\t<div class=\"elementor-widget-container\">\n\t\t\t\t\t\t\t\t\t<p>El Mini Jam\u00f3n Curado combina tradici\u00f3n y comodidad. Su tama\u00f1o reducido facilita su almacenamiento y consumo, mientras que el pack de accesorios incluidos hace que la experiencia sea completa y sencilla. Un cl\u00e1sico espa\u00f1ol adaptado a tu estilo de vida.<\/p>\t\t\t\t\t\t\t\t<\/div>\n\t\t\t\t<\/div>\n\t\t\t\t<div class=\"elementor-element elementor-element-260eaeb7 elementor-position-left elementor-vertical-align-middle elementor-widget elementor-widget-image-box\" data-id=\"260eaeb7\" data-element_type=\"widget\" data-settings=\"{&quot;ekit_we_effect_on&quot;:&quot;none&quot;}\" data-widget_type=\"image-box.default\">\n\t\t\t\t<div class=\"elementor-widget-container\">\n\t\t\t\t\t<div class=\"elementor-image-box-wrapper\"><figure class=\"elementor-image-box-img\"><img decoding=\"async\" width=\"800\" height=\"653\" src=\"https:\/\/onlytheunique.shop\/wp-content\/uploads\/2026\/04\/7c2182a3e6854859a7dd313bae9a1e17_tplv-t5fjg24jzw-resize-jpeg_800_800-1.jpg\" class=\"attachment-full size-full wp-image-4030 wvs-archive-product-image\" alt=\"\" srcset=\"https:\/\/onlytheunique.shop\/wp-content\/uploads\/2026\/04\/7c2182a3e6854859a7dd313bae9a1e17_tplv-t5fjg24jzw-resize-jpeg_800_800-1.jpg 800w, https:\/\/onlytheunique.shop\/wp-content\/uploads\/2026\/04\/7c2182a3e6854859a7dd313bae9a1e17_tplv-t5fjg24jzw-resize-jpeg_800_800-1-300x245.jpg 300w, https:\/\/onlytheunique.shop\/wp-content\/uploads\/2026\/04\/7c2182a3e6854859a7dd313bae9a1e17_tplv-t5fjg24jzw-resize-jpeg_800_800-1-768x627.jpg 768w, https:\/\/onlytheunique.shop\/wp-content\/uploads\/2026\/04\/7c2182a3e6854859a7dd313bae9a1e17_tplv-t5fjg24jzw-resize-jpeg_800_800-1-15x12.jpg 15w, https:\/\/onlytheunique.shop\/wp-content\/uploads\/2026\/04\/7c2182a3e6854859a7dd313bae9a1e17_tplv-t5fjg24jzw-resize-jpeg_800_800-1-110x90.jpg 110w, https:\/\/onlytheunique.shop\/wp-content\/uploads\/2026\/04\/7c2182a3e6854859a7dd313bae9a1e17_tplv-t5fjg24jzw-resize-jpeg_800_800-1-60x49.jpg 60w, https:\/\/onlytheunique.shop\/wp-content\/uploads\/2026\/04\/7c2182a3e6854859a7dd313bae9a1e17_tplv-t5fjg24jzw-resize-jpeg_800_800-1-600x490.jpg 600w\" sizes=\"(max-width: 800px) 100vw, 800px\" \/><\/figure><div class=\"elementor-image-box-content\"><h3 class=\"elementor-image-box-title\">Presentaci\u00f3n del Producto<\/h3><p class=\"elementor-image-box-description\">Este Mini Jam\u00f3n Curado es un producto gourmet espa\u00f1ol de alta calidad, elaborado mediante un proceso de curado tradicional que le aporta un sabor intenso y una textura jugosa. Se presenta en formato compacto, ideal para degustaciones caseras, regalos o salidas al aire libre.<\/p><\/div><\/div>\t\t\t\t<\/div>\n\t\t\t\t<\/div>\n\t\t\t\t<div class=\"elementor-element elementor-element-26e1310e elementor-position-right elementor-vertical-align-middle elementor-widget elementor-widget-image-box\" data-id=\"26e1310e\" data-element_type=\"widget\" data-settings=\"{&quot;ekit_we_effect_on&quot;:&quot;none&quot;}\" data-widget_type=\"image-box.default\">\n\t\t\t\t<div class=\"elementor-widget-container\">\n\t\t\t\t\t<div class=\"elementor-image-box-wrapper\"><figure class=\"elementor-image-box-img\"><img decoding=\"async\" width=\"300\" height=\"300\" src=\"https:\/\/onlytheunique.shop\/wp-content\/uploads\/2026\/04\/a3528074-6197-4c1c-9ca7-7e3857f159e6.__CR00300300_PT0_SX300_V1___.jpg\" class=\"attachment-full size-full wp-image-4031 wvs-archive-product-image\" alt=\"\" srcset=\"https:\/\/onlytheunique.shop\/wp-content\/uploads\/2026\/04\/a3528074-6197-4c1c-9ca7-7e3857f159e6.__CR00300300_PT0_SX300_V1___.jpg 300w, https:\/\/onlytheunique.shop\/wp-content\/uploads\/2026\/04\/a3528074-6197-4c1c-9ca7-7e3857f159e6.__CR00300300_PT0_SX300_V1___-150x150.jpg 150w, https:\/\/onlytheunique.shop\/wp-content\/uploads\/2026\/04\/a3528074-6197-4c1c-9ca7-7e3857f159e6.__CR00300300_PT0_SX300_V1___-12x12.jpg 12w, https:\/\/onlytheunique.shop\/wp-content\/uploads\/2026\/04\/a3528074-6197-4c1c-9ca7-7e3857f159e6.__CR00300300_PT0_SX300_V1___-110x110.jpg 110w, https:\/\/onlytheunique.shop\/wp-content\/uploads\/2026\/04\/a3528074-6197-4c1c-9ca7-7e3857f159e6.__CR00300300_PT0_SX300_V1___-60x60.jpg 60w, https:\/\/onlytheunique.shop\/wp-content\/uploads\/2026\/04\/a3528074-6197-4c1c-9ca7-7e3857f159e6.__CR00300300_PT0_SX300_V1___-100x100.jpg 100w, https:\/\/onlytheunique.shop\/wp-content\/uploads\/2026\/04\/a3528074-6197-4c1c-9ca7-7e3857f159e6.__CR00300300_PT0_SX300_V1___-50x50.jpg 50w\" sizes=\"(max-width: 300px) 100vw, 300px\" \/><\/figure><div class=\"elementor-image-box-content\"><h3 class=\"elementor-image-box-title\">Contenido y Usos del Pack<\/h3><p class=\"elementor-image-box-description\">El pack incluye accesorios completos: soporte para jam\u00f3n, cuchillo especial y utensilios de degustaci\u00f3n, listos para usar sin necesidad de preparaci\u00f3n adicional. Es perfecto como aperitivo, para acompa\u00f1ar vinos, quesos y pan, y ofrece una experiencia aut\u00e9ntica del jam\u00f3n curado espa\u00f1ol en cualquier ocasi\u00f3n.<\/p><\/div><\/div>\t\t\t\t<\/div>\n\t\t\t\t<\/div>\n\t\t\t\t<div class=\"elementor-element elementor-element-204a3e64 elementor-widget elementor-widget-image\" data-id=\"204a3e64\" data-element_type=\"widget\" data-settings=\"{&quot;ekit_we_effect_on&quot;:&quot;none&quot;}\" data-widget_type=\"image.default\">\n\t\t\t\t<div class=\"elementor-widget-container\">\n\t\t\t\t\t\t\t\t\t\t\t\t\t\t\t<img loading=\"lazy\" decoding=\"async\" width=\"800\" height=\"800\" src=\"https:\/\/onlytheunique.shop\/wp-content\/uploads\/2026\/04\/0076729441204a868c4c8792b3958061_tplv-t5fjg24jzw-resize-jpeg_800_800.jpg\" class=\"attachment-full size-full wp-image-4032 wvs-archive-product-image\" alt=\"\" srcset=\"https:\/\/onlytheunique.shop\/wp-content\/uploads\/2026\/04\/0076729441204a868c4c8792b3958061_tplv-t5fjg24jzw-resize-jpeg_800_800.jpg 800w, https:\/\/onlytheunique.shop\/wp-content\/uploads\/2026\/04\/0076729441204a868c4c8792b3958061_tplv-t5fjg24jzw-resize-jpeg_800_800-300x300.jpg 300w, https:\/\/onlytheunique.shop\/wp-content\/uploads\/2026\/04\/0076729441204a868c4c8792b3958061_tplv-t5fjg24jzw-resize-jpeg_800_800-150x150.jpg 150w, https:\/\/onlytheunique.shop\/wp-content\/uploads\/2026\/04\/0076729441204a868c4c8792b3958061_tplv-t5fjg24jzw-resize-jpeg_800_800-768x768.jpg 768w, https:\/\/onlytheunique.shop\/wp-content\/uploads\/2026\/04\/0076729441204a868c4c8792b3958061_tplv-t5fjg24jzw-resize-jpeg_800_800-12x12.jpg 12w, https:\/\/onlytheunique.shop\/wp-content\/uploads\/2026\/04\/0076729441204a868c4c8792b3958061_tplv-t5fjg24jzw-resize-jpeg_800_800-110x110.jpg 110w, https:\/\/onlytheunique.shop\/wp-content\/uploads\/2026\/04\/0076729441204a868c4c8792b3958061_tplv-t5fjg24jzw-resize-jpeg_800_800-60x60.jpg 60w, https:\/\/onlytheunique.shop\/wp-content\/uploads\/2026\/04\/0076729441204a868c4c8792b3958061_tplv-t5fjg24jzw-resize-jpeg_800_800-600x600.jpg 600w, https:\/\/onlytheunique.shop\/wp-content\/uploads\/2026\/04\/0076729441204a868c4c8792b3958061_tplv-t5fjg24jzw-resize-jpeg_800_800-100x100.jpg 100w, https:\/\/onlytheunique.shop\/wp-content\/uploads\/2026\/04\/0076729441204a868c4c8792b3958061_tplv-t5fjg24jzw-resize-jpeg_800_800-50x50.jpg 50w\" sizes=\"(max-width: 800px) 100vw, 800px\" \/>\t\t\t\t\t\t\t\t\t\t\t\t\t\t\t<\/div>\n\t\t\t\t<\/div>\n\t\t\t\t<div class=\"elementor-element elementor-element-18d904a4 elementor-widget elementor-widget-image\" data-id=\"18d904a4\" data-element_type=\"widget\" data-settings=\"{&quot;ekit_we_effect_on&quot;:&quot;none&quot;}\" data-widget_type=\"image.default\">\n\t\t\t\t<div class=\"elementor-widget-container\">\n\t\t\t\t\t\t\t\t\t\t\t\t\t\t\t<img loading=\"lazy\" decoding=\"async\" width=\"800\" height=\"800\" src=\"https:\/\/onlytheunique.shop\/wp-content\/uploads\/2026\/04\/c5af273a42df46f190864fe7ee30f117_tplv-t5fjg24jzw-resize-jpeg_800_800.jpg\" class=\"attachment-full size-full wp-image-4033 wvs-archive-product-image\" alt=\"\" srcset=\"https:\/\/onlytheunique.shop\/wp-content\/uploads\/2026\/04\/c5af273a42df46f190864fe7ee30f117_tplv-t5fjg24jzw-resize-jpeg_800_800.jpg 800w, https:\/\/onlytheunique.shop\/wp-content\/uploads\/2026\/04\/c5af273a42df46f190864fe7ee30f117_tplv-t5fjg24jzw-resize-jpeg_800_800-300x300.jpg 300w, https:\/\/onlytheunique.shop\/wp-content\/uploads\/2026\/04\/c5af273a42df46f190864fe7ee30f117_tplv-t5fjg24jzw-resize-jpeg_800_800-150x150.jpg 150w, https:\/\/onlytheunique.shop\/wp-content\/uploads\/2026\/04\/c5af273a42df46f190864fe7ee30f117_tplv-t5fjg24jzw-resize-jpeg_800_800-768x768.jpg 768w, https:\/\/onlytheunique.shop\/wp-content\/uploads\/2026\/04\/c5af273a42df46f190864fe7ee30f117_tplv-t5fjg24jzw-resize-jpeg_800_800-12x12.jpg 12w, https:\/\/onlytheunique.shop\/wp-content\/uploads\/2026\/04\/c5af273a42df46f190864fe7ee30f117_tplv-t5fjg24jzw-resize-jpeg_800_800-110x110.jpg 110w, https:\/\/onlytheunique.shop\/wp-content\/uploads\/2026\/04\/c5af273a42df46f190864fe7ee30f117_tplv-t5fjg24jzw-resize-jpeg_800_800-60x60.jpg 60w, https:\/\/onlytheunique.shop\/wp-content\/uploads\/2026\/04\/c5af273a42df46f190864fe7ee30f117_tplv-t5fjg24jzw-resize-jpeg_800_800-600x600.jpg 600w, https:\/\/onlytheunique.shop\/wp-content\/uploads\/2026\/04\/c5af273a42df46f190864fe7ee30f117_tplv-t5fjg24jzw-resize-jpeg_800_800-100x100.jpg 100w, https:\/\/onlytheunique.shop\/wp-content\/uploads\/2026\/04\/c5af273a42df46f190864fe7ee30f117_tplv-t5fjg24jzw-resize-jpeg_800_800-50x50.jpg 50w\" sizes=\"(max-width: 800px) 100vw, 800px\" \/>\t\t\t\t\t\t\t\t\t\t\t\t\t\t\t<\/div>\n\t\t\t\t<\/div>\n\t\t\t\t<div class=\"elementor-element elementor-element-7d078cb5 elementor-widget elementor-widget-image\" data-id=\"7d078cb5\" data-element_type=\"widget\" data-settings=\"{&quot;ekit_we_effect_on&quot;:&quot;none&quot;}\" data-widget_type=\"image.default\">\n\t\t\t\t<div class=\"elementor-widget-container\">\n\t\t\t\t\t\t\t\t\t\t\t\t\t\t\t<img loading=\"lazy\" decoding=\"async\" width=\"600\" height=\"600\" src=\"https:\/\/onlytheunique.shop\/wp-content\/uploads\/2026\/04\/6f164688124a4da58c16ff673ada83e6_tplv-t5fjg24jzw-resize-jpeg_800_800-1.jpg\" class=\"attachment-full size-full wp-image-4034 wvs-archive-product-image\" alt=\"\" srcset=\"https:\/\/onlytheunique.shop\/wp-content\/uploads\/2026\/04\/6f164688124a4da58c16ff673ada83e6_tplv-t5fjg24jzw-resize-jpeg_800_800-1.jpg 600w, https:\/\/onlytheunique.shop\/wp-content\/uploads\/2026\/04\/6f164688124a4da58c16ff673ada83e6_tplv-t5fjg24jzw-resize-jpeg_800_800-1-300x300.jpg 300w, https:\/\/onlytheunique.shop\/wp-content\/uploads\/2026\/04\/6f164688124a4da58c16ff673ada83e6_tplv-t5fjg24jzw-resize-jpeg_800_800-1-150x150.jpg 150w, https:\/\/onlytheunique.shop\/wp-content\/uploads\/2026\/04\/6f164688124a4da58c16ff673ada83e6_tplv-t5fjg24jzw-resize-jpeg_800_800-1-12x12.jpg 12w, https:\/\/onlytheunique.shop\/wp-content\/uploads\/2026\/04\/6f164688124a4da58c16ff673ada83e6_tplv-t5fjg24jzw-resize-jpeg_800_800-1-110x110.jpg 110w, https:\/\/onlytheunique.shop\/wp-content\/uploads\/2026\/04\/6f164688124a4da58c16ff673ada83e6_tplv-t5fjg24jzw-resize-jpeg_800_800-1-60x60.jpg 60w, https:\/\/onlytheunique.shop\/wp-content\/uploads\/2026\/04\/6f164688124a4da58c16ff673ada83e6_tplv-t5fjg24jzw-resize-jpeg_800_800-1-100x100.jpg 100w, https:\/\/onlytheunique.shop\/wp-content\/uploads\/2026\/04\/6f164688124a4da58c16ff673ada83e6_tplv-t5fjg24jzw-resize-jpeg_800_800-1-50x50.jpg 50w\" sizes=\"(max-width: 600px) 100vw, 600px\" \/>\t\t\t\t\t\t\t\t\t\t\t\t\t\t\t<\/div>\n\t\t\t\t<\/div>\n\t\t\t\t\t<\/div>\n\t\t\t\t<\/div>\n\t\t<div class=\"elementor-element elementor-element-4859ebdd e-flex e-con-boxed e-con e-parent\" data-id=\"4859ebdd\" data-element_type=\"container\" data-settings=\"{&quot;ekit_has_onepagescroll_dot&quot;:&quot;yes&quot;}\">\n\t\t\t\t\t<div class=\"e-con-inner\">\n\t\t\t\t<div class=\"elementor-element elementor-element-47f3122b elementor-widget elementor-widget-text-editor\" data-id=\"47f3122b\" data-element_type=\"widget\" data-settings=\"{&quot;ekit_we_effect_on&quot;:&quot;none&quot;}\" data-widget_type=\"text-editor.default\">\n\t\t\t\t<div class=\"elementor-widget-container\">\n\t\t\t\t\t\t\t\t\t<div class=\"elementor-widget-container\">\n Informaci\u00f3n sobre el producto\n<div class=\"product-table\">\n<div class=\"product-row\">\n<div class=\"product-label\"><strong>Sabor y textura<\/strong><\/div>\n<div class=\"product-value\">Curado, intenso, jugoso y con textura suave<\/div>\n<\/div>\n<div class=\"product-row\">\n<div class=\"product-label\"><strong>Accesorios incluidos<\/strong><\/div>\n<div class=\"product-value\">Pack completo de accesorios para jam\u00f3n<\/div>\n<\/div>\n<div class=\"product-row\">\n<div class=\"product-label\"><strong>Peso y tama\u00f1o<\/strong><\/div>\n<div class=\"product-value\">Tama\u00f1o mini, peso compacto<\/div>\n<\/div>\n<div class=\"product-row\">\n<div class=\"product-label\"><strong>Para qui\u00e9n<\/strong><\/div>\n<div class=\"product-value\">Amantes del jam\u00f3n, adultos y familias<\/div>\n<\/div>\n<\/div>\n<style>\n.product-table {\nwidth: 100%;\nborder-top: 1px solid #000;\nfont-family: Arial, sans-serif;\n}\n.product-row {\ndisplay: flex;\nborder-bottom: 1px solid #000;\npadding: 12px 0;\n}\n.product-label {\nflex: 1;\nfont-weight: bold;\nmin-width: 200px;\npadding-right: 20px;\n}\n.product-value {\nflex: 1;\nmin-width: 200px;\n}\n<\/style>\n<\/div>\t\t\t\t\t\t\t\t<\/div>\n\t\t\t\t<\/div>\n\t\t\t\t\t<\/div>\n\t\t\t\t<\/div>\n\t\t\t\t<\/div>","protected":false},"excerpt":{"rendered":"<p>Mini Jam\u00f3n Curado con pack de accesorios El Mini Jam\u00f3n Curado combina tradici\u00f3n y comodidad. Su tama\u00f1o reducido facilita su almacenamiento y consumo, mientras que el pack de accesorios incluidos hace que la experiencia sea completa y sencilla. Un cl\u00e1sico espa\u00f1ol adaptado a tu estilo de vida. Presentaci\u00f3n del Producto Este Mini Jam\u00f3n Curado es [&hellip;]<\/p>","protected":false},"featured_media":4022,"comment_status":"open","ping_status":"closed","template":"","meta":{"_acf_changed":false},"product_brand":[],"product_cat":[60,35],"product_tag":[],"class_list":{"0":"post-4021","1":"product","2":"type-product","3":"status-publish","4":"has-post-thumbnail","6":"product_cat-dao","7":"product_cat-sale","9":"first","10":"instock","11":"sale","12":"shipping-taxable","13":"purchasable","14":"product-type-simple"},"acf":[],"_links":{"self":[{"href":"https:\/\/onlytheunique.shop\/es\/wp-json\/wp\/v2\/product\/4021","targetHints":{"allow":["GET"]}}],"collection":[{"href":"https:\/\/onlytheunique.shop\/es\/wp-json\/wp\/v2\/product"}],"about":[{"href":"https:\/\/onlytheunique.shop\/es\/wp-json\/wp\/v2\/types\/product"}],"replies":[{"embeddable":true,"href":"https:\/\/onlytheunique.shop\/es\/wp-json\/wp\/v2\/comments?post=4021"}],"version-history":[{"count":0,"href":"https:\/\/onlytheunique.shop\/es\/wp-json\/wp\/v2\/product\/4021\/revisions"}],"wp:featuredmedia":[{"embeddable":true,"href":"https:\/\/onlytheunique.shop\/es\/wp-json\/wp\/v2\/media\/4022"}],"wp:attachment":[{"href":"https:\/\/onlytheunique.shop\/es\/wp-json\/wp\/v2\/media?parent=4021"}],"wp:term":[{"taxonomy":"product_brand","embeddable":true,"href":"https:\/\/onlytheunique.shop\/es\/wp-json\/wp\/v2\/product_brand?post=4021"},{"taxonomy":"product_cat","embeddable":true,"href":"https:\/\/onlytheunique.shop\/es\/wp-json\/wp\/v2\/product_cat?post=4021"},{"taxonomy":"product_tag","embeddable":true,"href":"https:\/\/onlytheunique.shop\/es\/wp-json\/wp\/v2\/product_tag?post=4021"}],"curies":[{"name":"wp","href":"https:\/\/api.w.org\/{rel}","templated":true}]}}